{"id":718,"date":"2021-09-13T15:36:31","date_gmt":"2021-09-13T13:36:31","guid":{"rendered":"https:\/\/uncjr.ro\/web\/?page_id=718"},"modified":"2021-09-17T11:11:18","modified_gmt":"2021-09-17T09:11:18","slug":"parlamentul-european","status":"publish","type":"page","link":"https:\/\/uncjr.ro\/web\/parlamentul-european\/","title":{"rendered":"Parlamentul European"},"content":{"rendered":"<p>[et_pb_section fb_built=&#8221;1&#8243; _builder_version=&#8221;4.10.5&#8243; _module_preset=&#8221;default&#8221; global_colors_info=&#8221;{}&#8221;][et_pb_row column_structure=&#8221;3_5,2_5&#8243; _builder_version=&#8221;4.10.5&#8243; _module_preset=&#8221;default&#8221; global_colors_info=&#8221;{}&#8221;][et_pb_column type=&#8221;3_5&#8243; _builder_version=&#8221;4.10.5&#8243; _module_preset=&#8221;default&#8221; global_colors_info=&#8221;{}&#8221;][et_pb_text _builder_version=&#8221;4.10.5&#8243; _module_preset=&#8221;default&#8221; global_colors_info=&#8221;{}&#8221;]<\/p>\n<h1 style=\"text-align: justify;\">Parlamentul European<\/h1>\n<p>&nbsp;<\/p>\n<p style=\"text-align: justify;\">Parlamentul European (PE) este organul legislativ al Uniunii Europene \u0219i una din cele \u0219apte institu\u021bii ale sale. Parlamentul este format din 705 deputa\u021bi reprezent\u00e2nd toate \u021b\u0103rile UE. \u00a0Acesta a luat na\u0219tere \u00een urma fuziunii dintre Adunarea comun\u0103 a Comunit\u0103\u021bii Europene a C\u0103rbunelui \u0219i O\u021belului (CECO), Adunarea Comunit\u0103\u021bii Economice Europene (CEE) \u0219i Adunarea Comunit\u0103\u021bii Europene a Energiei Atomice (Euratom), care au format o \u201eAdunare\u201d \u00een conformitate cu Conven\u021bia relativ\u0103 la anumite institu\u021bii comune Comunit\u0103\u021bilor Europene din 1957 (\u201eprimul tratat de fuziune\u201d). \u00cen mod oficial, nu s-a trecut la denumirea de \u201eParlament European\u201d dec\u00e2t dup\u0103 intrarea \u00een vigoare a Tratatului privind Uniunea European\u0103 (Tratatul de la Maastricht), fapt ce nu a f\u0103cut dec\u00e2t s\u0103 reflecte o realitate deja cunoscut\u0103 \u00eenc\u0103 din 1958, moment \u00een care Adunarea \u0219i-a modificat numele \u00een \u201eParlamentul European\u201d. Ordinea juridic\u0103 pe care a creat-o Uniunea European\u0103 a devenit ast\u0103zi o component\u0103 constant\u0103 a vie\u021bii politice \u0219i a societ\u0103\u021bii noastre. \u00cen fiecare an se iau, \u00een temeiul tratatelor Uniunii, mii de decizii care influen\u021beaz\u0103 \u00een mod esen\u021bial statele membre ale Uniunii Europene \u0219i vie\u021bile cet\u0103\u021benilor acestora. Oamenii nu mai sunt numai cet\u0103\u021benii propriilor \u021b\u0103ri, ai propriului ora\u0219 sau district; ei sunt \u0219i cet\u0103\u021beni ai Uniunii. Fie \u0219i numai din acest motiv, este deosebit de important ca ace\u0219tia s\u0103 fie informa\u021bi cu privire la ordinea juridic\u0103 ce le afecteaz\u0103 via\u021ba de zi cu zi.<\/p>\n<p>[\/et_pb_text][\/et_pb_column][et_pb_column type=&#8221;2_5&#8243; _builder_version=&#8221;4.10.5&#8243; _module_preset=&#8221;default&#8221; global_colors_info=&#8221;{}&#8221;][et_pb_image src=&#8221;https:\/\/uncjr.ro\/web\/wp-content\/uploads\/meta-facebook.jpg&#8221; title_text=&#8221;meta-facebook&#8221; url=&#8221;https:\/\/www.europarl.europa.eu\/portal\/ro&#8221; url_new_window=&#8221;on&#8221; _builder_version=&#8221;4.10.5&#8243; _module_preset=&#8221;default&#8221; animation_style=&#8221;slide&#8221; global_colors_info=&#8221;{}&#8221;][\/et_pb_image][\/et_pb_column][\/et_pb_row][et_pb_row _builder_version=&#8221;4.10.5&#8243; _module_preset=&#8221;default&#8221; global_colors_info=&#8221;{}&#8221;][et_pb_column type=&#8221;4_4&#8243; _builder_version=&#8221;4.10.5&#8243; _module_preset=&#8221;default&#8221; global_colors_info=&#8221;{}&#8221;][et_pb_text _builder_version=&#8221;4.10.5&#8243; _module_preset=&#8221;default&#8221; global_colors_info=&#8221;{}&#8221;]<\/p>\n<p style=\"text-align: justify;\">\n<p style=\"text-align: justify;\">\n<h3 style=\"text-align: justify;\">Ce face Parlamentul European<\/h3>\n<p style=\"text-align: justify;\">Parlamentul European decide asupra legisla\u021biei UE, incluz\u00e2nd bugetul multianual, al\u0103turi de Consiliul Uniunii Europene (guvernele statelor membre din Uniune). PE supravegheaz\u0103 activit\u0103\u021bile altor institu\u021bii, precum Comisia European\u0103.<\/p>\n<p style=\"text-align: justify;\">Parlamentul alege Pre\u0219edintele Comisiei Europene \u0219i are un rol cheie \u00een evaluarea comisarilor-desemna\u021bi prin intermediul audierilor individuale. Colegiul comisarilor, denumirea colectiv\u0103 atribuit\u0103 celor dou\u0103zeci \u0219i \u0219apte de comisari, trebuie s\u0103 ob\u021bin\u0103 apoi avizul pozitiv al PE.<\/p>\n<p style=\"text-align: justify;\">Deputa\u021bii Parlamentului European sunt ale\u0219i \u00een statele membre odat\u0103 la cinci ani \u0219i\u00a0reprezint\u0103 aproximativ 446 de milioane de cet\u0103\u021beni.\u00a0De-a lungul anilor \u0219i \u00een urma modific\u0103rilor succesive ale tratatelor europene, Parlamentul a dob\u00e2ndit importante competen\u021be legislative \u0219i\u00a0bugetare.<\/p>\n<p style=\"text-align: justify;\">Cet\u0103\u021benii sunt reprezenta\u021bi direct, la nivelul Uniunii, \u00een Parlamentul European. Mai exact, statele membre sunt reprezentate \u00een Consiliul European de \u0219efii lor de stat sau de guvern \u0219i \u00een Consiliu de guvernele lor, care la r\u00e2ndul lor r\u0103spund \u00een mod democratic fie \u00een fa\u021ba parlamentelor na\u021bionale, fie \u00een fa\u021ba cet\u0103\u021benilor lor.<\/p>\n<p style=\"text-align: justify;\">De asemenea, competen\u021bele de supraveghere ale Parlamentului European s-au extins considerabil de-a lungul timpului. Acestea sunt exercitate, \u00een principal, prin obliga\u021bia Comisiei de a r\u0103spunde \u00een fa\u021ba Parlamentului European, de a-\u0219i sus\u021bine propunerile \u0219i de a prezenta spre dezbatere un raport anual privind activit\u0103\u021bile UE. Parlamentul poate adopta o mo\u021biune de cenzur\u0103 cu o majoritate de dou\u0103 treimi dintre membrii s\u0103i, oblig\u00e2nd membrii Comisiei Europene s\u0103 demisioneze \u00een bloc. P\u00e2n\u0103 \u00een prezent, mai multe mo\u021biuni au fost depuse la Parlament, \u00eens\u0103 niciuna nu a \u00eentrunit majoritatea necesar\u0103. Av\u00e2nd \u00een vedere c\u0103, \u00een practic\u0103, \u0219i Consiliul UE r\u0103spunde \u00eentreb\u0103rilor parlamentare, Parlamentul are posibilitatea de a participa la dezbateri politice directe cu dou\u0103 institu\u021bii importante.<\/p>\n<p style=\"text-align: justify;\">\n<h3 style=\"text-align: justify;\">Rolurile Parlamentului European<\/h3>\n<p style=\"text-align: justify;\"><strong>Rol legislativ<\/strong><\/p>\n<p style=\"padding-left: 40px; text-align: justify;\">Adopt\u0103 legisla\u021bia UE, \u00eempreun\u0103 cu\u00a0Consiliul UE, pe baza propunerilor\u00a0Comisiei Europene.<\/p>\n<p style=\"padding-left: 40px; text-align: justify;\">Ia decizii cu privire la acordurile interna\u021bionale.<\/p>\n<p style=\"padding-left: 40px; text-align: justify;\">Ia decizii cu privire la extinderea UE.<\/p>\n<p style=\"padding-left: 40px; text-align: justify;\">Revizuie\u0219te\u00a0programul de lucru\u00a0al Comisiei \u0219i \u00eei cere s\u0103 propun\u0103 acte legislative.<\/p>\n<p style=\"text-align: justify;\"><strong><\/strong><\/p>\n<p style=\"text-align: justify;\"><strong>Rol de control<\/strong><\/p>\n<p style=\"padding-left: 40px; text-align: justify;\">Exercit\u0103 control democratic asupra tuturor institu\u021biilor UE.<\/p>\n<p style=\"padding-left: 40px; text-align: justify;\">Alege pre\u0219edintele Comisiei \u0219i aprob\u0103\u00a0colegiul comisarilor \u00een ansamblu. Poate recurge la o mo\u021biune de cenzur\u0103, oblig\u00e2nd Comisia s\u0103 demisioneze.<\/p>\n<p style=\"padding-left: 40px; text-align: justify;\">Acord\u0103 desc\u0103rcarea de gestiune, adic\u0103 aprob\u0103 modul \u00een care s-a cheltuit bugetul UE.<\/p>\n<p style=\"padding-left: 40px; text-align: justify;\">Analizeaz\u0103\u00a0peti\u021biile\u00a0cet\u0103\u021benilor \u0219i formeaz\u0103\u00a0comisii de anchet\u0103.<\/p>\n<p style=\"padding-left: 40px; text-align: justify;\">Discut\u0103 politicile monetare cu\u00a0Banca Central\u0103 European\u0103.<\/p>\n<p style=\"padding-left: 40px; text-align: justify;\">Adreseaz\u0103 interpel\u0103ri Comisiei \u0219i Consiliului.<\/p>\n<p style=\"padding-left: 40px; text-align: justify;\">Particip\u0103 la misiuni de observare a alegerilor.<\/p>\n<p style=\"text-align: justify;\"><strong>Rol bugetar<\/strong><\/p>\n<p style=\"padding-left: 40px; text-align: justify;\">Stabile\u0219te bugetul UE, \u00eempreun\u0103 cu Consiliul.<\/p>\n<p style=\"padding-left: 40px; text-align: justify;\">Aprob\u0103 bugetul pe termen lung al UE (\u201ecadrul financiar multianual\u201d).<\/p>\n<h3 style=\"text-align: justify;\">Sediul<\/h3>\n<p style=\"text-align: justify;\">Sediul Parlamentului European se afl\u0103 la Strasbourg; la sediul respectiv se organizeaz\u0103 cele 12 \u0219edin\u021be plenare lunare, inclusiv \u0219edin\u021ba bugetar\u0103. Au loc \u0219edin\u021be plenare suplimentare la Bruxelles, unde se \u00eentrunesc \u0219i comisiile. Pe de alt\u0103 parte, sediul Secretariatului General al Parlamentului European se afl\u0103 la Luxemburg. Aceast\u0103 concluzie a Consiliului European din anul 1992 a fost confirmat\u0103 prin<a href=\"https:\/\/eur-lex.europa.eu\/legal-content\/RO\/TXT\/?qid=1486658592479&amp;uri=CELEX:12008E\/PRO\/06\" target=\"_blank\" rel=\"noopener\">\u00a0<\/a>Tratatul de la Lisabona. Rezultatul nesatisf\u0103c\u0103tor al acestei decizii este faptul c\u0103 deputa\u021bii PE \u0219i o\u00a0serie de func\u021bionari \u0219i angaja\u021bi ai Parlamentului trebuie s\u0103 se deplaseze \u00eentre Strasbourg, Bruxelles \u0219i Luxemburg\u00a0\u2013 o\u00a0\u201enavet\u0103\u201d foarte costisitoare.<\/p>\n<h3 style=\"text-align: justify;\">Structura Parlamentului European<\/h3>\n<p style=\"text-align: justify;\">PRE\u0218EDINTELE<br \/>14 vicepre\u0219edin\u021bi<br \/>5 chestori (cu func\u021bie consultativ\u0103)<\/p>\n<p style=\"text-align: justify;\">Pre\u0219edintele, vicepre\u0219edin\u021bii \u0219i chestorii (membri ai Parlamentului European c\u0103rora le sunt atribuite sarcinile interne administrative \u0219i financiare) alc\u0103tuiesc Biroul Parlamentului European, ales de c\u0103tre Parlamentul European pentru o\u00a0perioad\u0103 de doi ani \u0219i jum\u0103tate. \u00cen\u00a0plus, exist\u0103 o\u00a0Conferin\u021b\u0103 a\u00a0pre\u0219edin\u021bilor, care este alc\u0103tuit\u0103 din pre\u0219edintele Parlamentului \u0219i pre\u0219edin\u021bii grupurilor politice. Aceasta r\u0103spunde de organizarea lucr\u0103rilor Parlamentului \u0219i de rela\u021biile cu celelalte institu\u021bii ale UE \u0219i cu institu\u021bii din \u021b\u0103rile ter\u021be.<\/p>\n<p>[\/et_pb_text][\/et_pb_column][\/et_pb_row][et_pb_row column_structure=&#8221;1_2,1_2&#8243; _builder_version=&#8221;4.10.5&#8243; _module_preset=&#8221;default&#8221; global_colors_info=&#8221;{}&#8221;][et_pb_column type=&#8221;1_2&#8243; _builder_version=&#8221;4.10.5&#8243; _module_preset=&#8221;default&#8221; global_colors_info=&#8221;{}&#8221;][et_pb_text _builder_version=&#8221;4.10.5&#8243; _module_preset=&#8221;default&#8221; background_color=&#8221;#96a7ce&#8221; global_colors_info=&#8221;{}&#8221;]<\/p>\n<table>\n<tbody>\n<tr>\n<td width=\"301\" style=\"text-align: left;\"><strong>Statul membru<\/strong><\/td>\n<td width=\"301\" style=\"text-align: left;\"><strong>Locuri <\/strong><strong>\u00een Parlamentul European<\/strong><\/td>\n<\/tr>\n<tr>\n<td>Germania<\/td>\n<td><strong>96<\/strong><\/td>\n<\/tr>\n<tr>\n<td>Fran\u021ba<\/td>\n<td><strong>79<\/strong><\/td>\n<\/tr>\n<tr>\n<td>Italia<\/td>\n<td><strong>76<\/strong><\/td>\n<\/tr>\n<tr>\n<td>Spania<\/td>\n<td><strong>59<\/strong><\/td>\n<\/tr>\n<tr>\n<td>Polonia<\/td>\n<td><strong>52<\/strong><\/td>\n<\/tr>\n<tr>\n<td>Rom\u00e2nia<\/td>\n<td><strong>33<\/strong><\/td>\n<\/tr>\n<tr>\n<td>Olanda (\u021a\u0103rile de Jos)<\/td>\n<td><strong>29<\/strong><\/td>\n<\/tr>\n<tr>\n<td>Belgia<\/td>\n<td><strong>21<\/strong><\/td>\n<\/tr>\n<tr>\n<td>Republica Ceh\u0103<\/td>\n<td><strong>21<\/strong><\/td>\n<\/tr>\n<tr>\n<td>Grecia<\/td>\n<td><strong>21<\/strong><\/td>\n<\/tr>\n<tr>\n<td>Ungaria<\/td>\n<td><strong>21<\/strong><\/td>\n<\/tr>\n<tr>\n<td>Portugalia<\/td>\n<td><strong>21<\/strong><\/td>\n<\/tr>\n<tr>\n<td>Suedia<\/td>\n<td><strong>21<\/strong><\/td>\n<\/tr>\n<\/tbody>\n<\/table>\n<p>[\/et_pb_text][\/et_pb_column][et_pb_column type=&#8221;1_2&#8243; _builder_version=&#8221;4.10.5&#8243; _module_preset=&#8221;default&#8221; global_colors_info=&#8221;{}&#8221;][et_pb_text _builder_version=&#8221;4.10.5&#8243; _module_preset=&#8221;default&#8221; background_color=&#8221;#96a7ce&#8221; global_colors_info=&#8221;{}&#8221;]<\/p>\n<table>\n<tbody>\n<tr>\n<td>Austria<\/td>\n<td><strong>19<\/strong><\/td>\n<\/tr>\n<tr>\n<td>Bulgaria<\/td>\n<td><strong>17<\/strong><\/td>\n<\/tr>\n<tr>\n<td>Danemarca<\/td>\n<td><strong>14<\/strong><\/td>\n<\/tr>\n<tr>\n<td>Slovacia<\/td>\n<td><strong>14<\/strong><\/td>\n<\/tr>\n<tr>\n<td>Finlanda<\/td>\n<td><strong>14<\/strong><\/td>\n<\/tr>\n<tr>\n<td>Irlanda<\/td>\n<td><strong>13<\/strong><\/td>\n<\/tr>\n<tr>\n<td>Croa\u021bia<\/td>\n<td><strong>12<\/strong><\/td>\n<\/tr>\n<tr>\n<td>Lituania<\/td>\n<td><strong>11<\/strong><\/td>\n<\/tr>\n<tr>\n<td>Letonia<\/td>\n<td><strong>8<\/strong><\/td>\n<\/tr>\n<tr>\n<td>Slovenia<\/td>\n<td><strong>8<\/strong><\/td>\n<\/tr>\n<tr>\n<td>Estonia<\/td>\n<td><strong>7<\/strong><\/td>\n<\/tr>\n<tr>\n<td>Cipru<\/td>\n<td><strong>6<\/strong><\/td>\n<\/tr>\n<tr>\n<td>Luxemburg<\/td>\n<td><strong>6<\/strong><\/td>\n<\/tr>\n<tr>\n<td>Malta<\/td>\n<td><strong>6<\/strong><\/td>\n<\/tr>\n<\/tbody>\n<\/table>\n<p>[\/et_pb_text][\/et_pb_column][\/et_pb_row][et_pb_row _builder_version=&#8221;4.10.5&#8243; _module_preset=&#8221;default&#8221; global_colors_info=&#8221;{}&#8221;][et_pb_column type=&#8221;4_4&#8243; _builder_version=&#8221;4.10.5&#8243; _module_preset=&#8221;default&#8221; global_colors_info=&#8221;{}&#8221;][et_pb_text _builder_version=&#8221;4.10.5&#8243; _module_preset=&#8221;default&#8221; global_colors_info=&#8221;{}&#8221;]<\/p>\n<h3>Scurt istoric<\/h3>\n<p style=\"text-align: justify;\">\u00centre 10-13 septembrie 1952, \u00een cadrul Comunit\u0103\u021bii Europene a C\u0103rbunelui \u0219i O\u021belului (CECO) a avut loc prima \u0219edin\u021b\u0103 a unei Adun\u0103ri Parlamentare, alc\u0103tuit\u0103 din 78 membri ai parlamentelor na\u021bionale. Adunarea nu avea, \u00een mare, dec\u00e2t rol consultativ, \u00eens\u0103 avea posibilitatea de a constr\u00e2nge \u00cenalta Autoritate a CECO s\u0103 demisioneze, prin neacordarea votului de \u00eencredere. \u00cen 1957, odat\u0103 cu Tratatele de la Roma, se \u00eenfiin\u021beaz\u0103 Comunitatea Economic\u0103 European\u0103 (CEE) \u0219i Comunitatea European\u0103 a Energiei Atomice (EURATOM). Adunarea General\u0103, alc\u0103tuit\u0103 atunci din 142 deputa\u021bi, r\u0103spundea de toate cele trei comunit\u0103\u021bi. F\u0103r\u0103 a beneficia de noi competen\u021be, adunarea \u00ee\u0219i schimb\u0103 totu\u0219i denumirea \u00een Parlamentul European. \u00cen 1971 CE are un buget propriu, la elaborarea \u0219i adoptarea c\u0103ruia particip\u0103 \u0219i Adunarea. \u00cen 1979 au loc pentru prima dat\u0103 alegeri directe pentru Parlamentul European. \u00cen 1986 se semneaz\u0103 Actul Unic European. \u00cen aceste tratate se folose\u0219te pentru prima dat\u0103 no\u021biunea de \u201eParlament European\u201d, ale c\u0103rui drepturi sunt extinse \u0219i \u00een procesul legislativ general. Conform Tratatului de la Maastricht parlamentul poate respinge un proiect de lege \u0219i f\u0103r\u0103 acordul Consiliului de Mini\u0219tri \u0219i poate \u00eenfiin\u021ba comisii de investiga\u021bie.<\/p>\n<p>[\/et_pb_text][\/et_pb_column][\/et_pb_row][\/et_pb_section]<\/p>\n","protected":false},"excerpt":{"rendered":"<p>Parlamentul European &nbsp; Parlamentul European (PE) este organul legislativ al Uniunii Europene \u0219i una din cele \u0219apte institu\u021bii ale sale. Parlamentul este format din 705 deputa\u021bi reprezent\u00e2nd toate \u021b\u0103rile UE. \u00a0Acesta a luat na\u0219tere \u00een urma fuziunii dintre Adunarea comun\u0103 a Comunit\u0103\u021bii Europene a C\u0103rbunelui \u0219i O\u021belului (CECO), Adunarea Comunit\u0103\u021bii Economice Europene (CEE) \u0219i Adunarea [&hellip;]<\/p>\n","protected":false},"author":1,"featured_media":0,"parent":0,"menu_order":0,"comment_status":"closed","ping_status":"closed","template":"","meta":{"_et_pb_use_builder":"on","_et_pb_old_content":"","_et_gb_content_width":"","footnotes":""},"class_list":["post-718","page","type-page","status-publish","hentry"],"_links":{"self":[{"href":"https:\/\/uncjr.ro\/web\/wp-json\/wp\/v2\/pages\/718","targetHints":{"allow":["GET"]}}],"collection":[{"href":"https:\/\/uncjr.ro\/web\/wp-json\/wp\/v2\/pages"}],"about":[{"href":"https:\/\/uncjr.ro\/web\/wp-json\/wp\/v2\/types\/page"}],"author":[{"embeddable":true,"href":"https:\/\/uncjr.ro\/web\/wp-json\/wp\/v2\/users\/1"}],"replies":[{"embeddable":true,"href":"https:\/\/uncjr.ro\/web\/wp-json\/wp\/v2\/comments?post=718"}],"version-history":[{"count":0,"href":"https:\/\/uncjr.ro\/web\/wp-json\/wp\/v2\/pages\/718\/revisions"}],"wp:attachment":[{"href":"https:\/\/uncjr.ro\/web\/wp-json\/wp\/v2\/media?parent=718"}],"curies":[{"name":"wp","href":"https:\/\/api.w.org\/{rel}","templated":true}]}}