{"id":711,"date":"2021-09-13T15:29:41","date_gmt":"2021-09-13T13:29:41","guid":{"rendered":"https:\/\/uncjr.ro\/web\/?page_id=711"},"modified":"2021-09-17T09:28:43","modified_gmt":"2021-09-17T07:28:43","slug":"comisia-europeana","status":"publish","type":"page","link":"https:\/\/uncjr.ro\/web\/comisia-europeana\/","title":{"rendered":"Comisia European\u0103"},"content":{"rendered":"<p>[et_pb_section fb_built=&#8221;1&#8243; _builder_version=&#8221;4.10.5&#8243; _module_preset=&#8221;default&#8221; global_colors_info=&#8221;{}&#8221;][et_pb_row column_structure=&#8221;3_5,2_5&#8243; _builder_version=&#8221;4.10.5&#8243; _module_preset=&#8221;default&#8221; global_colors_info=&#8221;{}&#8221;][et_pb_column type=&#8221;3_5&#8243; _builder_version=&#8221;4.10.5&#8243; _module_preset=&#8221;default&#8221; global_colors_info=&#8221;{}&#8221;][et_pb_text _builder_version=&#8221;4.10.5&#8243; _module_preset=&#8221;default&#8221; global_colors_info=&#8221;{}&#8221;]<\/p>\n<h1>Comisia European\u0103<\/h1>\n<p style=\"text-align: justify;\">Comisia European\u0103 este organul executiv al Uniunii Europene, independent din punct de vedere politic. Este responsabil\u0103 cu elaborarea de propuneri de noi acte legislative \u0219i cu punerea \u00een aplicare a deciziilor Parlamentului European \u0219i ale Consiliului UE.<\/p>\n<p style=\"text-align: justify;\">Comisia este, \u00een primul r\u00e2nd, \u201efor\u021ba motrice\u201d a\u00a0politicii Uniunii. Ea se afl\u0103 la originea oric\u0103rei ac\u021biuni a\u00a0Uniunii, deoarece Comisiei \u00eei revine obliga\u021bia de a\u00a0prezenta Consiliului propuneri \u0219i proiecte de acte legislative ale Uniunii (acesta este a\u0219a-numitul drept de ini\u021biativ\u0103 al Comisiei).<\/p>\n<p style=\"text-align: justify;\">Comisia este totodat\u0103 un \u201egardian al tratatelor\u201d. Aceasta monitorizeaz\u0103 aplicarea \u0219i punerea \u00een aplicare a\u00a0legisla\u021biei primare \u0219i secundare a\u00a0Uniunii de c\u0103tre statele membre, ini\u021biaz\u0103 proceduri \u00een cazuri de \u00eenc\u0103lcare a\u00a0dreptului Uniunii \u0219i, dac\u0103 este necesar, sesizeaz\u0103 Curtea de Justi\u021bie cu privire la astfel de cazuri. Comisia intervine, de asemenea, \u00een cazul \u00eenc\u0103lc\u0103rii dreptului Uniunii de c\u0103tre orice persoan\u0103 fizic\u0103 sau juridic\u0103, \u00een special a\u00a0dreptului european al concuren\u021bei, \u0219i impune sanc\u021biuni drastice. De-a lungul ultimilor ani, eforturile pentru prevenirea \u00eenc\u0103lc\u0103rii normelor Uniunii constituie o\u00a0component\u0103 important\u0103 a\u00a0activit\u0103\u021bilor Comisiei.<\/p>\n<div id=\"gtx-trans\" style=\"position: absolute; left: -108px; top: -8.8px;\">\n<div class=\"gtx-trans-icon\"><\/div>\n<\/div>\n<p>[\/et_pb_text][\/et_pb_column][et_pb_column type=&#8221;2_5&#8243; _builder_version=&#8221;4.10.5&#8243; _module_preset=&#8221;default&#8221; global_colors_info=&#8221;{}&#8221;][et_pb_image src=&#8221;https:\/\/uncjr.ro\/web\/wp-content\/uploads\/European_Commission.svg_.png&#8221; title_text=&#8221;European_Commission.svg&#8221; url=&#8221;https:\/\/ec.europa.eu\/info\/index_ro&#8221; url_new_window=&#8221;on&#8221; _builder_version=&#8221;4.10.5&#8243; _module_preset=&#8221;default&#8221; animation_style=&#8221;slide&#8221; hover_enabled=&#8221;0&#8243; global_colors_info=&#8221;{}&#8221; sticky_enabled=&#8221;0&#8243;][\/et_pb_image][\/et_pb_column][\/et_pb_row][et_pb_row _builder_version=&#8221;4.10.5&#8243; _module_preset=&#8221;default&#8221; global_colors_info=&#8221;{}&#8221;][et_pb_column type=&#8221;4_4&#8243; _builder_version=&#8221;4.10.5&#8243; _module_preset=&#8221;default&#8221; global_colors_info=&#8221;{}&#8221;][et_pb_text _builder_version=&#8221;4.10.5&#8243; _module_preset=&#8221;default&#8221; global_colors_info=&#8221;{}&#8221;]<\/p>\n<p style=\"text-align: justify;\">\u00cen str\u00e2ns\u0103 leg\u0103tur\u0103 cu rolul de gardian al dreptului UE este sarcina de a\u00a0reprezenta interesele Uniunii. \u00cen principiu, Comisia nu are dreptul de a\u00a0servi alte interese \u00een afara celor ale Uniunii. Aceasta trebuie s\u0103 depun\u0103 toate eforturile necesare, de multe ori prin negocieri dificile \u00een cadrul Consiliului, pentru a\u00a0pune pe primul plan interesul Uniunii \u0219i a\u00a0ajunge la solu\u021bii de compromis \u00een baza acestui interes. Astfel, Comisia joac\u0103 \u0219i rolul de mediator \u00eentre statele membre, rol care, \u00een virtutea neutralit\u0103\u021bii sale, este deosebit de adecvat \u0219i adaptat situa\u021biei.<\/p>\n<h3 style=\"text-align: justify;\">Ce face Comisia European\u0103<\/h3>\n<p style=\"text-align: justify;\"><strong>Propune noi acte legislative<\/strong><\/p>\n<p style=\"text-align: justify;\">Comisia este singura institu\u021bie a UE abilitat\u0103 s\u0103 propun\u0103 acte legislative, pe care le \u00eenainteaz\u0103 spre adoptare Parlamentului \u0219i Consiliului, av\u00e2nd ca scop:<\/p>\n<ul>\n<li style=\"list-style-type: none;\">\n<ul>\n<li style=\"list-style-type: none;\">\n<ul style=\"text-align: justify;\">\n<li>protejarea intereselor UE \u0219i ale cet\u0103\u021benilor s\u0103i cu privire la chestiuni care nu pot fi abordate \u00een mod eficient la nivel na\u021bional<\/li>\n<li>solu\u021bionarea unor chestiuni tehnice prin consultarea exper\u021bilor \u0219i a cet\u0103\u021benilor.<\/li>\n<\/ul>\n<\/li>\n<\/ul>\n<\/li>\n<\/ul>\n<p style=\"text-align: justify;\"><strong>Gestioneaz\u0103 politicile UE \u0219i aloc\u0103 fonduri europene<\/strong><\/p>\n<ul>\n<li style=\"list-style-type: none;\">\n<ul>\n<li style=\"list-style-type: none;\">\n<ul style=\"text-align: justify;\">\n<li>Stabile\u0219te priorit\u0103\u021bile de cheltuieli ale UE, \u00eempreun\u0103 cu Consiliul \u0219i Parlamentul.<\/li>\n<li>Elaboreaz\u0103 bugetele anuale \u00een vederea aprob\u0103rii de c\u0103tre Parlament \u0219i Consiliu.<\/li>\n<li>Controleaz\u0103 cheltuielile, care sunt verificate de\u00a0Curtea de Conturi.<\/li>\n<\/ul>\n<\/li>\n<\/ul>\n<\/li>\n<\/ul>\n<p style=\"text-align: justify;\"><strong>Garanteaz\u0103 respectarea legisla\u021biei UE<\/strong><\/p>\n<ul>\n<li style=\"list-style-type: none;\">\n<ul>\n<li style=\"list-style-type: none;\">\n<ul style=\"text-align: justify;\">\n<li>Al\u0103turi de Curtea de Justi\u021bie, Comisia are responsabilitatea de a se asigura c\u0103 legisla\u021bia UE se aplic\u0103 \u00een mod adecvat \u00een toate statele membre.<\/li>\n<\/ul>\n<\/li>\n<\/ul>\n<\/li>\n<\/ul>\n<p style=\"text-align: justify;\"><strong>Reprezint\u0103 UE pe scena interna\u021bional\u0103<\/strong><\/p>\n<ul>\n<li style=\"list-style-type: none;\">\n<ul>\n<li style=\"list-style-type: none;\">\n<ul style=\"text-align: justify;\">\n<li>Se exprim\u0103 \u00een numele tuturor \u021b\u0103rilor din UE \u00een cadrul instan\u021belor interna\u021bionale, \u00een special \u00een domeniul politicii comerciale \u0219i al ajutorului umanitar.<\/li>\n<li>Negociaz\u0103 acorduri interna\u021bionale \u00een numele UE.<\/li>\n<\/ul>\n<\/li>\n<\/ul>\n<\/li>\n<\/ul>\n<h4 style=\"text-align: justify; padding-left: 80px;\"><\/h4>\n<h3 style=\"text-align: justify;\">Structura Comisiei Europene<\/h3>\n<p style=\"text-align: justify;\">Pre\u0219edinte<br \/>\u00cenaltul Reprezentant al UE pentru afaceri externe \u0219i politica de securitate \u0219i vicepre\u0219edinte<br \/>8 vicepre\u0219edin\u021bi<br \/>18 de comisari<\/p>\n<p style=\"text-align: justify;\">Comisia European\u0103 este alc\u0103tuit\u0103 din 27 de membri, num\u0103r echivalent \u021b\u0103rilor membre. \u00cen prezent, Comisia are 27 de comisari (cu func\u021bii diferite). Comisia este condus\u0103 de un pre\u0219edinte care adopt\u0103 directivele \u00een temeiul c\u0103rora Comisia \u00ee\u0219i exercit\u0103 atribu\u021biile \u0219i care adopt\u0103 deciziile referitoare la organizarea intern\u0103 a\u00a0Comisiei. Astfel, pre\u0219edintele are competen\u021ba de a\u00a0defini orient\u0103ri \u0219i putere organiza\u021bional\u0103. Av\u00e2nd la dispozi\u021bie aceste competen\u021be, este responsabilitatea pre\u0219edintelui s\u0103 se asigure c\u0103 demersurile Comisiei sunt coerente \u0219i eficiente \u0219i c\u0103 respect\u0103 principiul colegialit\u0103\u021bii, reflectat \u00een special prin adoptarea hot\u0103r\u00e2rilor sub forma unui colectiv.<\/p>\n<p style=\"text-align: justify;\">Comisarii constituie, sub coordonarea unui vicepre\u0219edinte, echipe de proiect responsabile pentru unul dintre urm\u0103toarele domenii politice:<\/p>\n<ol>\n<li style=\"list-style-type: none;\">\n<ol style=\"text-align: justify;\">\n<li>uniunea energetic\u0103 cu o\u00a0politic\u0103 orientat\u0103 c\u0103tre viitor pentru protec\u021bia climatic\u0103;<\/li>\n<li>locuri de munc\u0103, dezvoltare, investi\u021bii \u0219i competitivitate;<\/li>\n<li>pia\u021ba intern\u0103 digital\u0103;<\/li>\n<li>moneda euro \u0219i dialogul social;<\/li>\n<li>buget \u0219i salaria\u021bi.<\/li>\n<\/ol>\n<\/li>\n<\/ol>\n<p style=\"text-align: justify;\">Vicepre\u0219edin\u021bii ac\u021bioneaz\u0103 \u00een numele pre\u0219edintelui, \u00een calitate de reprezentan\u021bi ai acestuia. \u00cen domeniul lor de competen\u021b\u0103, ace\u0219tia gestioneaz\u0103 \u0219i coordoneaz\u0103 activitatea mai multor comisari. Un statut special este de\u021binut de c\u0103tre prim-vicepre\u0219edinte, care de\u021bine rolul de \u201em\u00e2n\u0103 dreapt\u0103\u201d a\u00a0pre\u0219edintelui \u0219i c\u0103ruia \u00eei sunt \u00eencredin\u021bate sarcini orizontale, de exemplu, o\u00a0mai bun\u0103 legiferare, rela\u021biile \u00eentre institu\u021bii, statul de drept \u0219i Carta drepturilor fundamentale. Astfel, nicio propunere a\u00a0Comisiei nu poate ajunge \u00een runda de consult\u0103ri a\u00a0Comisiei dac\u0103 nu a\u00a0fost recunoscut\u0103 \u00een prealabil de c\u0103tre prim-vicepre\u0219edinte ca m\u0103sur\u0103 necesar\u0103.<\/p>\n<p style=\"text-align: justify;\">Pre\u0219edintele \u0219i membrii Comisiei sunt numi\u021bi pentru un mandat de cinci ani.<\/p>\n<h4 style=\"text-align: justify;\">Scurt istoric<\/h4>\n<p style=\"text-align: justify;\"><span>La \u00eenceput, fiecare comunitate avea propriul s\u0103u organ executiv: \u00cenalta Autoritate pentru Comunitatea European\u0103 a C\u0103rbunelui \u0219i O\u021belului (CECO) din 1951 \u0219i c\u00e2te o comisie pentru fiecare dintre cele dou\u0103 comunit\u0103\u021bi create prin Tratatul de la Roma din 1957, CEE \u0219i Euratom. Prin intermediul Tratatului de fuziune din 8 aprilie1965, at\u00e2t structurile executive ale CECO, CEE \u0219i Euratom, c\u00e2t \u0219i bugetele acestor institu\u021bii (cea mai important\u0103 dintre ele fiind Comisia) au fuzionat pentru a deveni o singur\u0103 Comisie a Comunit\u0103\u021bilor Europene<\/span><span>. \u00cen 2002, la expirarea Tratatului CECO, survenit\u0103 la 50 de ani de la instituire, s-a decis <\/span><span>ca activele CECO s\u0103 \u00eei revin\u0103 Comisiei, care urma s\u0103 fie responsabil\u0103 pentru finalizarea opera\u021biunilor \u00een curs, pentru administrarea activelor CECO \u0219i pentru asigurarea finan\u021b\u0103rii activit\u0103\u021bilor de cercetare din sectoarele aferente industriei c\u0103rbunelui \u0219i o\u021belului.<\/span><\/p>\n<p>[\/et_pb_text][\/et_pb_column][\/et_pb_row][\/et_pb_section]<\/p>\n","protected":false},"excerpt":{"rendered":"<p>Comisia European\u0103 Comisia European\u0103 este organul executiv al Uniunii Europene, independent din punct de vedere politic. Este responsabil\u0103 cu elaborarea de propuneri de noi acte legislative \u0219i cu punerea \u00een aplicare a deciziilor Parlamentului European \u0219i ale Consiliului UE. Comisia este, \u00een primul r\u00e2nd, \u201efor\u021ba motrice\u201d a\u00a0politicii Uniunii. Ea se afl\u0103 la originea oric\u0103rei ac\u021biuni [&hellip;]<\/p>\n","protected":false},"author":1,"featured_media":0,"parent":0,"menu_order":0,"comment_status":"closed","ping_status":"closed","template":"","meta":{"_et_pb_use_builder":"on","_et_pb_old_content":"","_et_gb_content_width":"","footnotes":""},"class_list":["post-711","page","type-page","status-publish","hentry"],"_links":{"self":[{"href":"https:\/\/uncjr.ro\/web\/wp-json\/wp\/v2\/pages\/711","targetHints":{"allow":["GET"]}}],"collection":[{"href":"https:\/\/uncjr.ro\/web\/wp-json\/wp\/v2\/pages"}],"about":[{"href":"https:\/\/uncjr.ro\/web\/wp-json\/wp\/v2\/types\/page"}],"author":[{"embeddable":true,"href":"https:\/\/uncjr.ro\/web\/wp-json\/wp\/v2\/users\/1"}],"replies":[{"embeddable":true,"href":"https:\/\/uncjr.ro\/web\/wp-json\/wp\/v2\/comments?post=711"}],"version-history":[{"count":0,"href":"https:\/\/uncjr.ro\/web\/wp-json\/wp\/v2\/pages\/711\/revisions"}],"wp:attachment":[{"href":"https:\/\/uncjr.ro\/web\/wp-json\/wp\/v2\/media?parent=711"}],"curies":[{"name":"wp","href":"https:\/\/api.w.org\/{rel}","templated":true}]}}