{"id":692,"date":"2021-09-13T15:19:04","date_gmt":"2021-09-13T13:19:04","guid":{"rendered":"https:\/\/uncjr.ro\/web\/?page_id=692"},"modified":"2026-01-15T14:25:26","modified_gmt":"2026-01-15T12:25:26","slug":"proiecte","status":"publish","type":"page","link":"https:\/\/uncjr.ro\/web\/proiecte\/","title":{"rendered":"Proiecte"},"content":{"rendered":"<p>[et_pb_section fb_built=&#8221;1&#8243; _builder_version=&#8221;4.21.0&#8243; _module_preset=&#8221;default&#8221; background_enable_pattern_style=&#8221;on&#8221; background_pattern_style=&#8221;confetti&#8221; background_pattern_color=&#8221;rgba(12,113,195,0.26)&#8221; background_pattern_size=&#8221;cover&#8221; global_colors_info=&#8221;{}&#8221;][et_pb_row _builder_version=&#8221;4.24.2&#8243; _module_preset=&#8221;default&#8221; custom_margin=&#8221;||5vh||false|false&#8221; global_colors_info=&#8221;{}&#8221;][et_pb_column type=&#8221;4_4&#8243; _builder_version=&#8221;4.24.2&#8243; _module_preset=&#8221;default&#8221; global_colors_info=&#8221;{}&#8221;][et_pb_text _builder_version=&#8221;4.27.4&#8243; _module_preset=&#8221;default&#8221; global_colors_info=&#8221;{}&#8221;]<\/p>\n<h1>PROIECTE UNCJR<\/h1>\n<p>[\/et_pb_text][et_pb_text _builder_version=&#8221;4.27.5&#8243; _module_preset=&#8221;default&#8221; header_3_font=&#8221;|600|||||||&#8221; header_3_line_height=&#8221;1.5em&#8221; hover_enabled=&#8221;0&#8243; global_colors_info=&#8221;{}&#8221; sticky_enabled=&#8221;0&#8243;]<\/p>\n<h3>\u274f <a href=\"#proiect-07\" title=\"Proiect &quot;HEROES&quot;\">Proiectul &#8222;Fair Cities&#8221; \u2935<\/a><\/h3>\n<h3>\u274f <a href=\"#proiect-06\" title=\"Proiect &quot;HEROES&quot;\">Proiectul &#8222;ProVote&#8221; \u2935<\/a><\/h3>\n<h3>\u274f <a href=\"#proiect-05\" title=\"Proiect &quot;HEROES&quot;\">Proiectul &#8222;HEROES&#8221; \u2935<\/a><\/h3>\n<h3>\u274f <a href=\"#proiect-04\" title=\"Proiect &quot;Green Cities-Active Cities&quot;\">Proiectul &#8222;Green Cities-Active Cities&#8221; \u2935<\/a><\/h3>\n<h3>\u274f <a href=\"#proiect-03\" title=\"Proiect &quot;Consolidarea cooper\u0103rii dintre MLDPA \u0219i structurile asociative ale autorit\u0103\u021bilor administra\u021biei publice locale&quot;\">Proiectul &#8222;Consolidarea cooper\u0103rii dintre MLDPA \u0219i structurile asociative ale autorit\u0103\u021bilor administra\u021biei publice locale&#8221; \u2935<\/a><\/h3>\n<h3>\u274f <a href=\"#proiect-02\" title=\"Proiect &quot;Cet\u0103\u021beni activi pentru Europa - Implicarea cet\u0103\u021benilor \u00een procesul decizional la nivel local&quot;\">Proiectul &#8222;Cet\u0103\u021beni activi pentru Europa &#8211; Implicarea cet\u0103\u021benilor \u00een procesul decizional la nivel local\u201d \u2935<\/a><\/h3>\n<h3>\u274f <a href=\"#proiect-01\" title=\"Proiect &quot;European Local Citizens&quot;\">Proiectul &#8222;European Local Citizens&#8221; \u2935<\/a><\/h3>\n<p>[\/et_pb_text][\/et_pb_column][\/et_pb_row][et_pb_row _builder_version=&#8221;4.21.0&#8243; _module_preset=&#8221;default&#8221; background_enable_color=&#8221;off&#8221; custom_margin=&#8221;||5vh||false|false&#8221; animation_style=&#8221;fade&#8221; box_shadow_style=&#8221;preset2&#8243; box_shadow_color=&#8221;rgba(12,113,195,0.19)&#8221; global_colors_info=&#8221;{}&#8221;][et_pb_column type=&#8221;4_4&#8243; _builder_version=&#8221;4.16&#8243; _module_preset=&#8221;default&#8221; global_colors_info=&#8221;{}&#8221;][et_pb_text module_id=&#8221;proiect-01&#8243; _builder_version=&#8221;4.27.5&#8243; _module_preset=&#8221;default&#8221; custom_padding=&#8221;|1em||1em|false|true&#8221; text_text_shadow_style=&#8221;preset5&#8243; box_shadow_style=&#8221;preset3&#8243; box_shadow_color=&#8221;rgba(120,160,193,0.62)&#8221; global_colors_info=&#8221;{}&#8221;]<\/p>\n<h2 id=\"proiect-07\">\u274f Proiect &#8222;Fair Cities&#8221;<\/h2>\n<p>[\/et_pb_text][et_pb_blog posts_number=&#8221;8&#8243; include_categories=&#8221;34&#8243; meta_date=&#8221;j M Y&#8221; show_author=&#8221;off&#8221; use_overlay=&#8221;on&#8221; module_class=&#8221;four-column-blog-grid&#8221; _builder_version=&#8221;4.27.5&#8243; _module_preset=&#8221;default&#8221; header_font_size=&#8221;20px&#8221; hover_enabled=&#8221;0&#8243; global_colors_info=&#8221;{}&#8221; sticky_enabled=&#8221;0&#8243; header_level=&#8221;h3&#8243; body_text_align=&#8221;justify&#8221;][\/et_pb_blog][\/et_pb_column][\/et_pb_row][et_pb_row _builder_version=&#8221;4.21.0&#8243; _module_preset=&#8221;default&#8221; background_enable_color=&#8221;off&#8221; custom_margin=&#8221;||5vh||false|false&#8221; animation_style=&#8221;fade&#8221; box_shadow_style=&#8221;preset2&#8243; box_shadow_color=&#8221;rgba(12,113,195,0.19)&#8221; global_colors_info=&#8221;{}&#8221;][et_pb_column type=&#8221;4_4&#8243; _builder_version=&#8221;4.16&#8243; _module_preset=&#8221;default&#8221; global_colors_info=&#8221;{}&#8221;][et_pb_text module_id=&#8221;proiect-01&#8243; _builder_version=&#8221;4.27.5&#8243; _module_preset=&#8221;default&#8221; custom_padding=&#8221;|1em||1em|false|true&#8221; text_text_shadow_style=&#8221;preset5&#8243; box_shadow_style=&#8221;preset3&#8243; box_shadow_color=&#8221;rgba(120,160,193,0.62)&#8221; global_colors_info=&#8221;{}&#8221;]<\/p>\n<h2 id=\"proiect-06\">\u274f Proiect &#8222;ProVote&#8221;<\/h2>\n<p>[\/et_pb_text][et_pb_blog posts_number=&#8221;8&#8243; include_categories=&#8221;33&#8243; meta_date=&#8221;j M Y&#8221; show_author=&#8221;off&#8221; use_overlay=&#8221;on&#8221; module_class=&#8221;four-column-blog-grid&#8221; _builder_version=&#8221;4.27.5&#8243; _module_preset=&#8221;default&#8221; header_font_size=&#8221;20px&#8221; hover_enabled=&#8221;0&#8243; global_colors_info=&#8221;{}&#8221; header_level=&#8221;h3&#8243; body_text_align=&#8221;justify&#8221; sticky_enabled=&#8221;0&#8243;][\/et_pb_blog][\/et_pb_column][\/et_pb_row][et_pb_row _builder_version=&#8221;4.21.0&#8243; _module_preset=&#8221;default&#8221; background_enable_color=&#8221;off&#8221; custom_margin=&#8221;||5vh||false|false&#8221; animation_style=&#8221;fade&#8221; box_shadow_style=&#8221;preset2&#8243; box_shadow_color=&#8221;rgba(12,113,195,0.19)&#8221; global_colors_info=&#8221;{}&#8221;][et_pb_column type=&#8221;4_4&#8243; _builder_version=&#8221;4.16&#8243; _module_preset=&#8221;default&#8221; global_colors_info=&#8221;{}&#8221;][et_pb_text module_id=&#8221;proiect-05&#8243; _builder_version=&#8221;4.27.4&#8243; _module_preset=&#8221;default&#8221; custom_padding=&#8221;|1em||1em|false|true&#8221; text_text_shadow_style=&#8221;preset5&#8243; box_shadow_style=&#8221;preset3&#8243; box_shadow_color=&#8221;rgba(120,160,193,0.62)&#8221; global_colors_info=&#8221;{}&#8221;]<\/p>\n<h2 id=\"proiect-05\">\u274f Proiect &#8222;HEROES&#8221;<\/h2>\n<p>[\/et_pb_text][et_pb_blog posts_number=&#8221;9&#8243; include_categories=&#8221;32&#8243; meta_date=&#8221;j M Y&#8221; show_author=&#8221;off&#8221; use_overlay=&#8221;on&#8221; module_class=&#8221;four-column-blog-grid&#8221; _builder_version=&#8221;4.27.5&#8243; _module_preset=&#8221;default&#8221; hover_enabled=&#8221;0&#8243; global_colors_info=&#8221;{}&#8221; body_text_align=&#8221;justify&#8221; header_level=&#8221;h3&#8243; sticky_enabled=&#8221;0&#8243;][\/et_pb_blog][\/et_pb_column][\/et_pb_row][et_pb_row _builder_version=&#8221;4.27.4&#8243; _module_preset=&#8221;default&#8221; background_enable_color=&#8221;off&#8221; custom_margin=&#8221;||5vh||false|false&#8221; animation_style=&#8221;fade&#8221; box_shadow_style=&#8221;preset2&#8243; box_shadow_color=&#8221;rgba(12,113,195,0.19)&#8221; global_colors_info=&#8221;{}&#8221;][et_pb_column type=&#8221;4_4&#8243; _builder_version=&#8221;4.16&#8243; _module_preset=&#8221;default&#8221; global_colors_info=&#8221;{}&#8221;][et_pb_text module_id=&#8221;proiect-04&#8243; _builder_version=&#8221;4.27.4&#8243; _module_preset=&#8221;default&#8221; custom_padding=&#8221;|1em||1em|false|true&#8221; text_text_shadow_style=&#8221;preset5&#8243; box_shadow_style=&#8221;preset3&#8243; box_shadow_color=&#8221;rgba(120,160,193,0.62)&#8221; global_colors_info=&#8221;{}&#8221;]<\/p>\n<h2 id=\"proiect-04\">\u274f Proiect &#8222;Green Cities &#8211; Active Cities&#8221;<\/h2>\n<p>[\/et_pb_text][et_pb_blog posts_number=&#8221;9&#8243; include_categories=&#8221;31&#8243; meta_date=&#8221;j M Y&#8221; show_author=&#8221;off&#8221; use_overlay=&#8221;on&#8221; module_class=&#8221;four-column-blog-grid&#8221; _builder_version=&#8221;4.27.5&#8243; _module_preset=&#8221;default&#8221; header_font_size=&#8221;20px&#8221; hover_enabled=&#8221;0&#8243; global_colors_info=&#8221;{}&#8221; header_level=&#8221;h3&#8243; body_text_align=&#8221;justify&#8221; sticky_enabled=&#8221;0&#8243;][\/et_pb_blog][\/et_pb_column][\/et_pb_row][et_pb_row _builder_version=&#8221;4.21.0&#8243; _module_preset=&#8221;default&#8221; background_pattern_repeat_origin=&#8221;center_right&#8221; animation_style=&#8221;fade&#8221; box_shadow_style=&#8221;preset3&#8243; box_shadow_color=&#8221;rgba(12,113,195,0.17)&#8221; global_colors_info=&#8221;{}&#8221;][et_pb_column type=&#8221;4_4&#8243; _builder_version=&#8221;4.16&#8243; _module_preset=&#8221;default&#8221; global_colors_info=&#8221;{}&#8221;][et_pb_text module_id=&#8221;proiect-03&#8243; _builder_version=&#8221;4.27.4&#8243; _module_preset=&#8221;default&#8221; custom_padding=&#8221;|1em||1em|false|true&#8221; text_text_shadow_style=&#8221;preset5&#8243; box_shadow_style=&#8221;preset3&#8243; box_shadow_color=&#8221;rgba(52,130,193,0.27)&#8221; global_colors_info=&#8221;{}&#8221;]<\/p>\n<h2 id=\"proiect-03\">\u274f Proiect &#8222;Consolidarea cooper\u0103rii dintre Ministerul Dezvolt\u0103rii, Lucr\u0103rilor Publice \u0219i Administra\u021biei \u0219i structurile asociative ale autorit\u0103\u021bilor administra\u021biei publice locale&#8221;<\/h2>\n<p>[\/et_pb_text][et_pb_blog posts_number=&#8221;8&#8243; include_categories=&#8221;27&#8243; meta_date=&#8221;j M Y&#8221; show_author=&#8221;off&#8221; use_overlay=&#8221;on&#8221; module_class=&#8221;four-column-blog-grid&#8221; _builder_version=&#8221;4.27.5&#8243; _module_preset=&#8221;default&#8221; header_font_size=&#8221;20px&#8221; hover_enabled=&#8221;0&#8243; global_colors_info=&#8221;{}&#8221; header_level=&#8221;h3&#8243; body_text_align=&#8221;justify&#8221; sticky_enabled=&#8221;0&#8243;][\/et_pb_blog][\/et_pb_column][\/et_pb_row][et_pb_row _builder_version=&#8221;4.21.0&#8243; _module_preset=&#8221;default&#8221; background_enable_color=&#8221;off&#8221; custom_margin=&#8221;||5vh||false|false&#8221; animation_style=&#8221;fade&#8221; box_shadow_style=&#8221;preset2&#8243; box_shadow_color=&#8221;rgba(12,113,195,0.19)&#8221; global_colors_info=&#8221;{}&#8221;][et_pb_column type=&#8221;4_4&#8243; _builder_version=&#8221;4.16&#8243; _module_preset=&#8221;default&#8221; global_colors_info=&#8221;{}&#8221;][et_pb_text module_id=&#8221;proiect-02&#8243; _builder_version=&#8221;4.27.4&#8243; _module_preset=&#8221;default&#8221; custom_padding=&#8221;|1em||1em|false|true&#8221; text_text_shadow_style=&#8221;preset5&#8243; box_shadow_style=&#8221;preset3&#8243; box_shadow_color=&#8221;rgba(120,160,193,0.62)&#8221; global_colors_info=&#8221;{}&#8221;]<\/p>\n<h2 id=\"proiect-02\">\u274f Proiect &#8222;Cet\u0103\u021beni activi pentru Europa &#8211; Implicarea cet\u0103\u021benilor \u00een procesul decizional la nivel local&#8221;<\/h2>\n<p>[\/et_pb_text][et_pb_blog posts_number=&#8221;8&#8243; include_categories=&#8221;29&#8243; meta_date=&#8221;j M Y&#8221; show_author=&#8221;off&#8221; use_overlay=&#8221;on&#8221; module_class=&#8221;four-column-blog-grid&#8221; _builder_version=&#8221;4.27.5&#8243; _module_preset=&#8221;default&#8221; header_font_size=&#8221;20px&#8221; hover_enabled=&#8221;0&#8243; global_colors_info=&#8221;{}&#8221; header_level=&#8221;h3&#8243; body_text_align=&#8221;justify&#8221; sticky_enabled=&#8221;0&#8243;][\/et_pb_blog][\/et_pb_column][\/et_pb_row][et_pb_row _builder_version=&#8221;4.21.0&#8243; _module_preset=&#8221;default&#8221; background_enable_color=&#8221;off&#8221; custom_margin=&#8221;||5vh||false|false&#8221; animation_style=&#8221;fade&#8221; box_shadow_style=&#8221;preset2&#8243; box_shadow_color=&#8221;rgba(12,113,195,0.19)&#8221; global_colors_info=&#8221;{}&#8221;][et_pb_column type=&#8221;4_4&#8243; _builder_version=&#8221;4.16&#8243; _module_preset=&#8221;default&#8221; global_colors_info=&#8221;{}&#8221;][et_pb_text module_id=&#8221;proiect-01&#8243; _builder_version=&#8221;4.27.4&#8243; _module_preset=&#8221;default&#8221; custom_padding=&#8221;|1em||1em|false|true&#8221; text_text_shadow_style=&#8221;preset5&#8243; box_shadow_style=&#8221;preset3&#8243; box_shadow_color=&#8221;rgba(120,160,193,0.62)&#8221; global_colors_info=&#8221;{}&#8221;]<\/p>\n<h2 id=\"proiect-01\">\u274f Proiect &#8222;European Local Citizens&#8221;<\/h2>\n<p>[\/et_pb_text][et_pb_blog posts_number=&#8221;8&#8243; include_categories=&#8221;30&#8243; meta_date=&#8221;j M Y&#8221; show_author=&#8221;off&#8221; use_overlay=&#8221;on&#8221; module_class=&#8221;four-column-blog-grid&#8221; _builder_version=&#8221;4.27.5&#8243; _module_preset=&#8221;default&#8221; header_font_size=&#8221;20px&#8221; hover_enabled=&#8221;0&#8243; global_colors_info=&#8221;{}&#8221; header_level=&#8221;h3&#8243; body_text_align=&#8221;justify&#8221; sticky_enabled=&#8221;0&#8243;][\/et_pb_blog][\/et_pb_column][\/et_pb_row][\/et_pb_section]<\/p>\n","protected":false},"excerpt":{"rendered":"<p>PROIECTE UNCJR\u274f Proiectul &#8222;Fair Cities&#8221; \u2935 \u274f Proiectul &#8222;ProVote&#8221; \u2935 \u274f Proiectul &#8222;HEROES&#8221; \u2935 \u274f Proiectul &#8222;Green Cities-Active Cities&#8221; \u2935 \u274f Proiectul &#8222;Consolidarea cooper\u0103rii dintre MLDPA \u0219i structurile asociative ale autorit\u0103\u021bilor administra\u021biei publice locale&#8221; \u2935 \u274f Proiectul &#8222;Cet\u0103\u021beni activi pentru Europa &#8211; Implicarea cet\u0103\u021benilor \u00een procesul decizional la nivel local\u201d \u2935 \u274f Proiectul &#8222;European Local [&hellip;]<\/p>\n","protected":false},"author":1,"featured_media":0,"parent":0,"menu_order":0,"comment_status":"closed","ping_status":"closed","template":"","meta":{"_et_pb_use_builder":"on","_et_pb_old_content":"","_et_gb_content_width":"","footnotes":""},"class_list":["post-692","page","type-page","status-publish","hentry"],"_links":{"self":[{"href":"https:\/\/uncjr.ro\/web\/wp-json\/wp\/v2\/pages\/692","targetHints":{"allow":["GET"]}}],"collection":[{"href":"https:\/\/uncjr.ro\/web\/wp-json\/wp\/v2\/pages"}],"about":[{"href":"https:\/\/uncjr.ro\/web\/wp-json\/wp\/v2\/types\/page"}],"author":[{"embeddable":true,"href":"https:\/\/uncjr.ro\/web\/wp-json\/wp\/v2\/users\/1"}],"replies":[{"embeddable":true,"href":"https:\/\/uncjr.ro\/web\/wp-json\/wp\/v2\/comments?post=692"}],"version-history":[{"count":16,"href":"https:\/\/uncjr.ro\/web\/wp-json\/wp\/v2\/pages\/692\/revisions"}],"predecessor-version":[{"id":6807,"href":"https:\/\/uncjr.ro\/web\/wp-json\/wp\/v2\/pages\/692\/revisions\/6807"}],"wp:attachment":[{"href":"https:\/\/uncjr.ro\/web\/wp-json\/wp\/v2\/media?parent=692"}],"curies":[{"name":"wp","href":"https:\/\/api.w.org\/{rel}","templated":true}]}}