{"id":683,"date":"2021-09-13T15:10:33","date_gmt":"2021-09-13T13:10:33","guid":{"rendered":"https:\/\/uncjr.ro\/web\/?page_id=683"},"modified":"2025-02-19T13:44:54","modified_gmt":"2025-02-19T11:44:54","slug":"istoric","status":"publish","type":"page","link":"https:\/\/uncjr.ro\/web\/istoric\/","title":{"rendered":"Istoric"},"content":{"rendered":"<p>[et_pb_section fb_built=&#8221;1&#8243; _builder_version=&#8221;4.16&#8243; _module_preset=&#8221;default&#8221; use_background_color_gradient=&#8221;on&#8221; background_color_gradient_stops=&#8221;#ffffff 0%|#e9e9e0 100%&#8221; background_color_gradient_start=&#8221;#ffffff&#8221; background_color_gradient_end=&#8221;#e9e9e0&#8243; global_colors_info=&#8221;{}&#8221;][et_pb_row _builder_version=&#8221;4.16&#8243; _module_preset=&#8221;default&#8221; global_colors_info=&#8221;{}&#8221;][et_pb_column type=&#8221;4_4&#8243; _builder_version=&#8221;4.16&#8243; _module_preset=&#8221;default&#8221; global_colors_info=&#8221;{}&#8221;][et_pb_text _builder_version=&#8221;4.16&#8243; _module_preset=&#8221;default&#8221; global_colors_info=&#8221;{}&#8221;]<\/p>\n<h1>Istoricul Uniunii Na\u021bionale a Consiliilor Jude\u021bene din Rom\u00e2nia<\/h1>\n<div id=\"gtx-trans\" style=\"position: absolute; left: -14px; top: -8.8px;\">\n<div class=\"gtx-trans-icon\"><\/div>\n<\/div>\n<p>[\/et_pb_text][\/et_pb_column][\/et_pb_row][et_pb_row _builder_version=&#8221;4.27.4&#8243; _module_preset=&#8221;default&#8221; hover_enabled=&#8221;0&#8243; global_colors_info=&#8221;{}&#8221; sticky_enabled=&#8221;0&#8243;][et_pb_column type=&#8221;4_4&#8243; _builder_version=&#8221;4.16&#8243; _module_preset=&#8221;default&#8221; global_colors_info=&#8221;{}&#8221;][et_pb_text _builder_version=&#8221;4.27.4&#8243; _module_preset=&#8221;default&#8221; text_font_size=&#8221;16px&#8221; header_3_line_height=&#8221;1.5em&#8221; hover_enabled=&#8221;0&#8243; global_colors_info=&#8221;{}&#8221; sticky_enabled=&#8221;0&#8243;]<\/p>\n<h3>Uniunea Na\u0163ional\u0103 a Consiliilor Jude\u0163ene din Rom\u00e2nia (UNCJR), \u00eenfiin\u021bat\u0103 \u00een 1993, este o organiza\u0163ie neguvernamental\u0103, f\u0103r\u0103 scop lucrativ de utilitate public\u0103 care reune\u015fte toate jude\u0163ele din Rom\u00e2nia ca autorit\u0103\u0163i ale administra\u0163iei publice locale.<\/h3>\n<p><img loading=\"lazy\" decoding=\"async\" src=\"https:\/\/uncjr.ro\/web\/wp-content\/uploads\/sigla-uncjr-300x300.png\" width=\"300\" height=\"300\" alt=\"UNCJR\" class=\"wp-image-11 alignright size-medium\" \/><\/p>\n<h4>Scopul asocia\u021biei este:<\/h4>\n<ul style=\"padding-left: 2em;\">\n<li>sprijinirea \u00eenf\u0103ptuirii principiilor autonomiei \u0219i descentraliz\u0103rii \u00een organizarea \u0219i func\u021bionarea autorit\u0103\u021bilor administra\u021biei publice locale;<\/li>\n<li>promovarea unor mijloace \u0219i instrumente de ac\u021biune democratice \u00een realizarea intereselor colectivit\u0103\u021bilor locale;<\/li>\n<li>ini\u021bierea, promovarea \u0219i sus\u021binerea de reglement\u0103ri juridice, prin mijloace constitu\u021bionale, \u00een domenii care intereseaz\u0103 colectivit\u0103\u021bile locale;<\/li>\n<li>coordonarea ac\u021biunilor de cooperare intern\u0103 \u0219i interna\u021bional\u0103;<\/li>\n<li>reprezentarea unitar\u0103 a intereselor comune ale colectivit\u0103\u021bilor jude\u021bene \u00een raporturile cu autorit\u0103\u021bile, organiza\u021biile neguvernamentale \u0219i ter\u021bii, pe plan intern \u0219i extern.<\/li>\n<\/ul>\n<p><strong>\u00bb<\/strong>\u00a0 \u00cen anul 1993 a fost \u00eenfiin\u021bat\u0103 ca<strong> \u201eAsocia\u021bia Pre\u0219edin\u021bilor Consiliilor Jude\u021bene din Rom\u00e2nia\u201d (APCJR)<\/strong> \u201eorganiza\u021bie neguvernamental\u0103, apolitic\u0103, f\u0103r\u0103 scop lucrativ\u201d, membri fondatori fiind 34 de pre\u0219edin\u021bi de consilii judetene. <a href=\"https:\/\/uncjr.ro\/web\/?p=5469&amp;preview=true\"><em>(Vezi lista membrilor fondatori)<\/em><\/a><\/p>\n<p>APCJR s-a \u00eenregistrat ca persoan\u0103\u00a0 juridic\u0103 \u00een baza legii nr. 21 din 6 februarie 1924 pentru persoanele juridice (Asocia\u021bii \u0219i Funda\u021bii).<\/p>\n<p><strong>\u00bb\u00a0 <\/strong>\u00cen anul 1999 Asocia\u021bia Pre\u0219edin\u021bilor Consiliilor Jude\u021bene din Rom\u00e2nia \u00ee\u0219i schimb\u0103 denumirea \u00een <strong>Uniunea Na\u021bional\u0103 a Consiliilor Jude\u021bene din Rom\u00e2nia<\/strong>, moment \u00een care alte \u0219ase consilii jude\u021bene au aderat, urm\u00e2nd ca p\u00e2n\u0103 \u00een prezent toate cele 41 de consilii jude\u021bene s\u0103 fie membre ale UNCJR<em>.<a href=\"https:\/\/uncjr.ro\/web\/?p=5469&amp;preview=true\"> (Vezi lista membrilor)<\/a><\/em><\/p>\n<p><strong>\u00bb\u00a0 <\/strong>\u00cen anul 2002 Statutul este modificat, iar conform acestuia, sediul se afl\u0103 \u00een jude\u021bul unde este pre\u0219edintele UNCJR, astfel:<strong><\/strong><\/p>\n<ul style=\"padding-left: 2em;\">\n<li>1999 &#8211; 2002 sediul \u00een municipiul Pite\u0219ti, str. Pia\u021ba Milea nr. 1, jude\u021bul Arge\u0219<\/li>\n<li>2003 \u2013 2004 sediul \u00een municipiul Ploie\u0219ti, Bd. Republicii nr. 2-4, jude\u021bul Prahova;<\/li>\n<li>2004 &#8211; 2012 sediul \u00een Municipiul Alexandria, str. Dun\u0103rii nr. 178, jude\u021bul Teleorman;<\/li>\n<li>2013 &#8211; 2020 sediul \u00een municipiul Foc\u0219ani, str. Dimitrie Cantemir, jude\u021bul Vrancea.<\/li>\n<\/ul>\n<p><strong>\u00bb\u00a0 <\/strong>\u00cen decembrie 2020, Adunarea General\u0103 a luat decizia de a modifica Statutul, astfel ca sediul s\u0103 fie stabilit la Bucure\u0219ti, str. Polon\u0103, nr. 2, sector 1, pentru \u00eendeplinirea atribu\u021biilor c\u00e2t mai facil.<\/p>\n<p><strong>\u00bb\u00a0 <\/strong>\u00cen anul 2022 UNCJR a devenit organiza\u021bie de utilitate public\u0103 recunoscut\u0103 prin Hot\u0103r\u00e2rea de Guvern nr. 1206\/2022<\/p>\n<p>&nbsp;<\/p>\n<h4>Pre\u0219edin\u021bi UNCJR<\/h4>\n<ul style=\"padding-left: 2em;\">\n<li>Ianuarie 1993 \u2013\u00a0 07 decembrie 1999\u00a0 Florea Costache, pre\u0219edinte CJ Arge\u0219<\/li>\n<li>07 decembrie 1999 \u2013 09 februarie 2001 Stelian Du\u021bu, pre\u0219edinte CJ Constan\u021ba<\/li>\n<li>09 februarie 2001 \u2013 30 mai 2002 Ion Mih\u0103ilescu, pre\u0219edinte CJ Arge\u0219<\/li>\n<li>30 mai 2002 \u2013 28 iulie 2004 Mircea Cosma, pre\u0219edinte CJ Prahova<\/li>\n<li>28 iulie 2004 \u2013 18 decembrie 2012 Liviu Nicolae Dragnea, pre\u0219edinte CJ Teleorman<\/li>\n<li>18 decembrie 2012\u00a0 &#8211; martie 2013 Nicu\u0219or Constantinescu, pre\u0219edinte CJ Constan\u021ba<\/li>\n<li>Martie 2013 \u2013 Decembrie 2020 Marian Opri\u0219an, pre\u0219edinte CJ Vrancea<\/li>\n<li>Decembrie 2020 \u2013 Mai 2023\u00a0 Adrian \u2013 Ioan Ve\u0219tea, pre\u0219edinte CJ Bra\u0219ov<\/li>\n<li>27 ianuarie 2025 &#8211; prezent Alfred Simonis, pre\u0219edinte CJ Timi\u0219<\/li>\n<\/ul>\n<h4>Reprezentan\u021b\u0103 Bruxelles<\/h4>\n<ul>\n<li>UNCJR a deschis pentru prima dat\u0103 un birou de reprezentare la Bruxelles pe data de 16 februarie 2004.<\/li>\n<li>Din anul 2015 UNCJR are un birou permanent la Bruxelles, timp de cinci ani a g\u0103zduit reprezentan\u021bii consiliilor jude\u021bene. <span>Deschiderea acestui birou a fost parte a unei strategii interne pentru rela\u021biile interna\u021bionale\u00a0 prin care UNCJR, \u00een contextul procesului de aderare la UE, \u00ee\u0219i propune s\u0103 reprezinte la nivel european interesele autorit\u0103\u021bilor jude\u021bene, s\u0103 promoveze imaginea comunit\u0103\u021bilor locale.<\/span><\/li>\n<li>Activitate biroului de la Bruxelles s-a redus \u00een anul 2010 \u00een urma hot\u0103r\u00e2rii Adun\u0103rii Generale din iunie 2010, r\u0103m\u00e2nd doi reprezentan\u021bi <span>permanen\u021bi ai UNCJR la Bruxelles.<\/span><\/li>\n<\/ul>\n<h4>Reprezentan\u021b\u0103 organisme interna\u021bioanle<\/h4>\n<ul>\n<li>\u00cen aprilie 2005, UNCJR a decis s\u0103 demareze procedurile de a deveni membru cu drepturi depline al <span>Consiliul European al Municipalit\u0103\u021bilor \u0219i Regiunilor din Europa<\/span>\/Consiliului Comunelor \u015fi Regiunilor din Europa (CEMRE\/CCRE). Consiliul Comunelor este cea mai mare organiza\u0163ie ce prive\u015fte guvernarea local\u0103 \u015fi regional\u0103 din Europa, membrii s\u0103i fiind asocia\u0163ii na\u0163ionale de regiuni \u015fi municipalit\u0103\u0163i.<\/li>\n<li>\u00cen anul 2005 UNCJR a aderat la Comitetul Regiunilor Europene (CoR) av\u00e2nd \u0219ase membri titulari \u0219i tot at\u00e2\u021bia suplean\u021bi. CoR contribuie la instaurarea unei uniuni tot mai str\u00e2nse \u00eentre popoarele \u0219i teritoriile Europei, \u00een cadrul c\u0103reia deciziile s\u0103 fie adoptate c\u00e2t mai aproape de cet\u0103\u021benii europeni, \u00een conformitate cu principiul subsidiarit\u0103\u021bii.<\/li>\n<li>\u00cen perioada 2005 \u2013 2008, UNCJR a cooperat, \u00een baza unor parteneriate, cu: Re\u021beaua European\u0103 Trans Regional\u0103 pentru Incluziune Social\u0103 (RETIS), o organiza\u021bie a guvernelor regionale \u015fi locale din Europa ce avea drept principal obiectiv dezvoltarea de politici de combatere a s\u0103r\u0103ciei \u015fi excluziunii sociale \u00een cadrul Uniunii Europene.<\/li>\n<li>Din anul 2008 UNCJR este membr\u0103 fondatoare a celei mai mari re\u021bele europene de asocia\u021bii na\u021bionale ale autorit\u0103\u021bilor locale de tip jude\u021bean (denumite generic puteri sau administra\u021bii locale intermediare &#8211; provincii, departamente), cunoscut\u0103 sub numele de Confedera\u021bia European\u0103 a Puterilor Locale de nivel Intermediar (CEPLI). Confedera\u0219ia reprezint\u0103 asocia\u021biile na\u021bionale \u0219i re\u021belele europene de autoritate local\u0103 cu scopul de a cre\u0219te participarea autorit\u0103\u021bii locale\u00a0 la nivel European, pentru a dezvolta un dialog direct la nivel European, dar \u0219i pentru a facilita cooperarea \u00eentre autorit\u0103\u021bile intermediare locale \u0219i proiectele europene comune.<\/li>\n<li>\u00cen anul 2013 UNCJR a aderat la Congresul Puterilor Locale \u0219i Regionale din Europa (CPLRE). Misiunea sa este de a evalua implementarea Cartei Europene a autonomiei locale \u00een cele 47 de state membre ale Consiliului Europei. UNCJR este reprezentat\u0103 \u00een CPLRE de c\u0103tre cinci membri titulari \u0219i cinci membri suplean\u021bi<\/li>\n<\/ul>\n<p>[\/et_pb_text][\/et_pb_column][\/et_pb_row][\/et_pb_section][et_pb_section fb_built=&#8221;1&#8243; _builder_version=&#8221;4.24.2&#8243; _module_preset=&#8221;default&#8221; global_colors_info=&#8221;{}&#8221;][\/et_pb_section]<\/p>\n","protected":false},"excerpt":{"rendered":"<p>Istoricul Uniunii Na\u021bionale a Consiliilor Jude\u021bene din Rom\u00e2nia Uniunea Na\u0163ional\u0103 a Consiliilor Jude\u0163ene din Rom\u00e2nia (UNCJR), \u00eenfiin\u021bat\u0103 \u00een 1993, este o organiza\u0163ie neguvernamental\u0103, f\u0103r\u0103 scop lucrativ de utilitate public\u0103 care reune\u015fte toate jude\u0163ele din Rom\u00e2nia ca autorit\u0103\u0163i ale administra\u0163iei publice locale. Scopul asocia\u021biei este: sprijinirea \u00eenf\u0103ptuirii principiilor autonomiei \u0219i descentraliz\u0103rii \u00een organizarea \u0219i func\u021bionarea autorit\u0103\u021bilor [&hellip;]<\/p>\n","protected":false},"author":1,"featured_media":0,"parent":0,"menu_order":0,"comment_status":"closed","ping_status":"closed","template":"","meta":{"_et_pb_use_builder":"on","_et_pb_old_content":"","_et_gb_content_width":"","footnotes":""},"class_list":["post-683","page","type-page","status-publish","hentry"],"_links":{"self":[{"href":"https:\/\/uncjr.ro\/web\/wp-json\/wp\/v2\/pages\/683","targetHints":{"allow":["GET"]}}],"collection":[{"href":"https:\/\/uncjr.ro\/web\/wp-json\/wp\/v2\/pages"}],"about":[{"href":"https:\/\/uncjr.ro\/web\/wp-json\/wp\/v2\/types\/page"}],"author":[{"embeddable":true,"href":"https:\/\/uncjr.ro\/web\/wp-json\/wp\/v2\/users\/1"}],"replies":[{"embeddable":true,"href":"https:\/\/uncjr.ro\/web\/wp-json\/wp\/v2\/comments?post=683"}],"version-history":[{"count":8,"href":"https:\/\/uncjr.ro\/web\/wp-json\/wp\/v2\/pages\/683\/revisions"}],"predecessor-version":[{"id":6331,"href":"https:\/\/uncjr.ro\/web\/wp-json\/wp\/v2\/pages\/683\/revisions\/6331"}],"wp:attachment":[{"href":"https:\/\/uncjr.ro\/web\/wp-json\/wp\/v2\/media?parent=683"}],"curies":[{"name":"wp","href":"https:\/\/api.w.org\/{rel}","templated":true}]}}