{"id":436,"date":"2021-09-08T11:28:46","date_gmt":"2021-09-08T09:28:46","guid":{"rendered":"https:\/\/uncjr.ro\/web\/?page_id=436"},"modified":"2025-02-19T14:00:23","modified_gmt":"2025-02-19T12:00:23","slug":"cepli","status":"publish","type":"page","link":"https:\/\/uncjr.ro\/web\/cepli\/","title":{"rendered":"CEPLI"},"content":{"rendered":"<p>[et_pb_section fb_built=&#8221;1&#8243; admin_label=&#8221;section&#8221; _builder_version=&#8221;4.16&#8243; global_colors_info=&#8221;{}&#8221;][et_pb_row _builder_version=&#8221;4.16&#8243; _module_preset=&#8221;default&#8221; global_colors_info=&#8221;{}&#8221;][et_pb_column type=&#8221;4_4&#8243; _builder_version=&#8221;4.16&#8243; _module_preset=&#8221;default&#8221; global_colors_info=&#8221;{}&#8221;][et_pb_text _builder_version=&#8221;4.16&#8243; _module_preset=&#8221;default&#8221; global_colors_info=&#8221;{}&#8221;]<\/p>\n<h1>Confedera\u021bia European\u0103 a Puterilor Locale Intermediare &#8211; CEPLI<\/h1>\n<p>[\/et_pb_text][\/et_pb_column][\/et_pb_row][et_pb_row column_structure=&#8221;3_5,2_5&#8243; _builder_version=&#8221;4.16&#8243; _module_preset=&#8221;default&#8221; global_colors_info=&#8221;{}&#8221;][et_pb_column type=&#8221;3_5&#8243; _builder_version=&#8221;4.16&#8243; _module_preset=&#8221;default&#8221; global_colors_info=&#8221;{}&#8221;][et_pb_text _builder_version=&#8221;4.16&#8243; _module_preset=&#8221;default&#8221; text_font_size=&#8221;16px&#8221; text_line_height=&#8221;1.5em&#8221; text_orientation=&#8221;justified&#8221; global_colors_info=&#8221;{}&#8221;]<\/p>\n<p><a href=\"https:\/\/www.cepli.eu\/\" title=\"CEPLI\" target=\"_blank\" rel=\"noopener\">Confedera\u021bia European\u0103 a Puterilor Locale Intermediare (European Confederation of Local Intermediate Authorities &#8211; CEPLI)<\/a> este prima confedera\u021bie european\u0103 care grupeaz\u0103 nou\u0103 asocia\u021bii na\u021bionale reprezent\u00e2nd 1.167 autorit\u0103\u021bi locale intermediare din opt \u021b\u0103ri europene (Belgia, Bulgaria, Fran\u021ba, Germania, Ungaria, Italia, Polonia \u0219i Rom\u00e2nia) \u0219i dou\u0103 re\u021bele europene de autorit\u0103\u021bi locale intermediare, Arco Latino \u0219i Partenalia.<\/p>\n<p>Consider\u00e2nd c\u0103 o Europ\u0103 a statelor membre nu poate fi construit\u0103 \u0219i dezvoltat\u0103 dec\u00e2t pe baza diversit\u0103\u021bii teritoriilor sale, membrii CEPLI, reprezent\u00e2nd asocia\u021biile na\u021bionale \u0219i re\u021belele europene de autorit\u0103\u021bi locale, lucreaz\u0103 \u00eempreun\u0103 pentru a \/ ca:<\/p>\n<ul>\n<li>cre\u0219te participarea autorit\u0103\u021bilor locale intermediare la procesul decizional european;<\/li>\n<li>s\u0103-\u0219i reprezinte interesele la nivel european, \u00een special \u00een ceea ce prive\u0219te legisla\u021bia european\u0103 care le afecteaz\u0103 activit\u0103\u021bile \u0219i politicile;<\/li>\n<li>s\u0103 dezvolte un dialog direct la nivel european, cu institu\u021biile responsabile de programe \u0219i politici teritoriale majore, precum \u0219i cu alte asocia\u021bii europene \u0219i ONG-uri care s\u0103 reuneasc\u0103 autorit\u0103\u021bile locale \u0219i regionale;<\/li>\n<li>s\u0103 consolideze coeren\u021ba \u0219i vizibilitatea interven\u021biilor lor pe teritoriul european;<\/li>\n<li>facilita cooperarea \u00eentre autorit\u0103\u021bile intermediare locale \u0219i proiectele europene comune;<\/li>\n<li>stabili un schimb permanent de informa\u021bii \u0219i bune practici \u00eentre comunit\u0103\u021bile locale.<\/li>\n<\/ul>\n<p>Autorit\u0103\u021bile locale intermediare de\u021bin o pozi\u021bie specific\u0103 \u0219i au caracteristici comune care, de-a lungul timpului, s-au dovedit deosebit de potrivite pentru realizarea coeziunii sociale, economice \u0219i teritoriale europene.<\/p>\n<p>[\/et_pb_text][\/et_pb_column][et_pb_column type=&#8221;2_5&#8243; _builder_version=&#8221;4.16&#8243; _module_preset=&#8221;default&#8221; global_colors_info=&#8221;{}&#8221;][et_pb_image src=&#8221;https:\/\/uncjr.ro\/web\/wp-content\/uploads\/Untitled-design-1.png&#8221; title_text=&#8221;Untitled design (1)&#8221; url=&#8221;https:\/\/cepli.eu\/&#8221; url_new_window=&#8221;on&#8221; align=&#8221;center&#8221; _builder_version=&#8221;4.16&#8243; _module_preset=&#8221;default&#8221; animation_style=&#8221;slide&#8221; global_colors_info=&#8221;{}&#8221;][\/et_pb_image][\/et_pb_column][\/et_pb_row][et_pb_row admin_label=&#8221;row&#8221; _builder_version=&#8221;4.16&#8243; background_size=&#8221;initial&#8221; background_position=&#8221;top_left&#8221; background_repeat=&#8221;repeat&#8221; global_colors_info=&#8221;{}&#8221;][et_pb_column type=&#8221;4_4&#8243; _builder_version=&#8221;4.16&#8243; custom_padding=&#8221;|||&#8221; global_colors_info=&#8221;{}&#8221; custom_padding__hover=&#8221;|||&#8221;][et_pb_text admin_label=&#8221;Text&#8221; _builder_version=&#8221;4.27.4&#8243; background_size=&#8221;initial&#8221; background_position=&#8221;top_left&#8221; background_repeat=&#8221;repeat&#8221; text_orientation=&#8221;justified&#8221; hover_enabled=&#8221;0&#8243; global_colors_info=&#8221;{}&#8221; sticky_enabled=&#8221;0&#8243;]<\/p>\n<h3>Scurt istoric<\/h3>\n<p>UNCJR este membr\u0103 fondatoare a celei mai mari re\u021bele europene de asocia\u021bii na\u021bionale ale autorit\u0103\u021bilor locale de tip jude\u021bean (denumite generic puteri sau administra\u021bii locale intermediare &#8211; provincii, departamente), cunoscut\u0103 sub numele de CEPLI \u2013 Confedera\u021bia European\u0103 a Puterilor Locale de nivel Intermediar. CEPLI reprezint\u0103 \u00een prezent interesele a circa 850 de autorit\u0103\u021bi locale de nivel intermediar din Europa (LIAs, acronim \u00een englez\u0103).<\/p>\n<p>Reuniunea de constituire a CEPLI a avut loc la Villeneuve-l\u00e8z-Avignon (Fran\u021ba) la 15 iulie 2008, proiectul av\u00e2nd la baz\u0103 cooper\u0103ri deja ini\u021biate \u015fi parafate \u00een anii preceden\u021bi prin acorduri bilaterale \u00eentre ADF &#8211; Asocia\u021bia departamentelor din Fran\u021ba, cu structurile similare din Bulgaria, Belgia (partea valon\u0103), Polonia, Rom\u00e2nia (un acord de parteneriat a fost semnat la Villefranche de Rouergue \u00een septembrie 2003) \u015fi Ungaria. Carta de la Avignon a devenit, prin semnarea ei de c\u0103tre reprezentan\u021bii politici ale\u0219i ai asocia\u021biilor na\u021bionale, actul de constituire al CEPLI.<\/p>\n<p>La fondare, membrii CEPLI au fost urm\u0103toarele asocia\u021bii na\u021bionale de \u201ejude\u021be\u201d din Europa:<\/p>\n<ul>\n<li>\u00a0<a href=\"http:\/\/www.departements.fr\/\" target=\"_blank\" rel=\"noopener\">Adunarea Departamentelor din Fran\u021ba<\/a> &#8211; ADF,<\/li>\n<li><a href=\"https:\/\/apw.be\/\" target=\"_blank\" rel=\"noopener\">Asocia\u021bia Provinciilor Valone<\/a> \u2013 APW (Belgia),<\/li>\n<li><a href=\"https:\/\/www.landkreistag.de\/\" target=\"_blank\" rel=\"noopener\">Asocia\u021bia Kreise din Germania<\/a> &#8211; DLT,<\/li>\n<li>\u00a0Uniunea Autorit\u0103\u021bilor Prefecturale din Grecia-ENAE (\u00een urma reformelor administrativ-teritoriale, nivelul intermediar nu mai exist\u0103 \u00een prezent \u00een aceast\u0103 \u021bar\u0103),<\/li>\n<li><a href=\"http:\/\/www.femp.es\/\" target=\"_blank\" rel=\"noopener\">Federa\u021bia Spaniol\u0103 a Municipalit\u0103\u021bilor \u0219i Provinciilor<\/a> \u2013 FEMP (Spania),<\/li>\n<li>Asocia\u021bia Na\u021bional\u0103 a Adun\u0103rilor Generale Jude\u021bene din Ungaria \u00a0&#8211; M\u00d6OSZ (\u00een urma reformelor administrativ-teritoriale, nivelul intermediar nu mai exist\u0103 \u00een prezent \u00een aceast\u0103 \u021bar\u0103),<\/li>\n<li><a href=\"https:\/\/www.namrb.org\/lang\/en\" target=\"_blank\" rel=\"noopener\">Asocia\u021bia Na\u021bional\u0103 a Municipalit\u0103\u021bilor Bulgare<\/a> -NAMRB (Bulgaria),<\/li>\n<li>Uniunea Na\u021bional\u0103 a Consiliilor Jude\u021bene din Rom\u00e2nia &#8211;\u00a0 UNCJR,<\/li>\n<li><a href=\"https:\/\/www.provinceditalia.it\/chi-siamo\/\" target=\"_blank\" rel=\"noopener\">Uniunea Provinciile Italiene<\/a> \u2013 UPI (Italia); UPI a fost membr\u0103 a CEPLI p\u00e2n\u0103 \u00een 2017, retragerea sa fiind cauzat\u0103 de ini\u021bierea reformei administrativ-teritoriale interne care viza desfiin\u021barea provinciilor italiene pe motivul economiilor la bugetul na\u021bional \u015fi a necesit\u0103\u021bii reducerii cheltuielilor publice cu administra\u021bia local\u0103; \u00een prezent, UPI a reluat colaborarea, este membru observator \u0219i particip\u0103 la activit\u0103\u021bile confedera\u021biei (provinciile italiene nu au fost desfiin\u021bate.<\/li>\n<li>\u00a0<a href=\"https:\/\/www.vlaamseprovincies.be\/\" target=\"_blank\" rel=\"noopener\">Asocia\u021bia Provinciilor Flamande<\/a> \u2013 VVP (Belgia); VVP nu mai este membr\u0103 cu drepturi depline a confedera\u021biei din cauza proiectului de reform\u0103 administrativ\u0103 anun\u021bat de guvernul regiunii Flandra, care are \u00een vedere suprimarea provinciilor sau diminuarea drastic\u0103 a competen\u021belor acestora. P\u00e2n\u0103 \u00een prezent, reforma nu a avut loc, VVP exprim\u00e2ndu-\u0219i dorin\u021ba s\u0103 p\u0103streze un statut de observator, iar provinciile flamande continu\u0103 s\u0103 func\u021bioneze, de\u0219i sunt mai pu\u021bin active.<\/li>\n<li><a href=\"https:\/\/www.zpp.pl\/\" target=\"_blank\" rel=\"noopener\">Uniunea Powiat\u00f3w din Polonia<\/a> \u2013 ZPP (Polonia),<\/li>\n<li>membri asocia\u021bi &#8211; re\u021belele Arco Latino \u0219i<a href=\"https:\/\/partenalia.eu\/\" target=\"_blank\" rel=\"noopener\"> Partenalia<\/a> ;<\/li>\n<\/ul>\n<p>Scopul pentru care a fost creat\u0103 aceast\u0103 Confedera\u0163ie European\u0103 este acela de a:<\/p>\n<ul>\n<li>spori gradul de participare a autorit\u0103\u0163ilor locale intermediare la procesul european de luare a deciziei;<\/li>\n<li>reprezenta interesele acestor autorit\u0103\u0163i locale la nivel european, \u00een special \u00een ceea ce prive\u015fte procesul legislativ;<\/li>\n<li>dezvolta un dialog direct cu institu\u0163iile europene responsabile pentru programele \u015fi politicile de interes major, c\u00e2t \u015fi cu alte asocia\u0163ii europene \u015fi ONG-uri ce grupeaz\u0103 autorit\u0103\u0163i locale \u015fi regionale;<\/li>\n<li>\u00eent\u0103ri coeren\u0163a \u015fi vizibilitatea interven\u0163iei lor pe teritoriul european;<\/li>\n<li>\u00a0facilita cooperarea dintre autorit\u0103\u0163ile locale de nivel intermediar \u015fi participarea \u00een proiecte comune;<\/li>\n<li>stabili un schimb permanent de informa\u0163ii \u015fi bune practici \u00eentre comunit\u0103\u0163ile locale.<\/li>\n<li>Uniunea Na\u0163ional\u0103 a Consiliilor Jude\u0163ene din Rom\u00e2nia este membru fondator al acestei Confedera\u0163ii, semn\u00e2nd at\u00e2t Carta de la Avignon, c\u00e2t \u015fi statutul adoptat \u00een 2011 la Roma.<\/li>\n<\/ul>\n<p>&nbsp;<\/p>\n<h3>Membri actuali CEPLI:<\/h3>\n<ul>\n<li>APW (Asocia\u0163ia Provinciilor Valone)<\/li>\n<li>ADF (Adunarea Departamentelor din Fran\u0163a)<\/li>\n<li>DLT (Asocia\u0163ia Provinciilor Germane)<\/li>\n<li>UPI (Uniunea Provinciilor din Italia)<\/li>\n<li>Partenalia\u00a0 (Re\u021beaua european\u0103 a provinciilor din Spania, Fran\u021ba, Belgia)<\/li>\n<li>UNCJR (Uniunea Na\u0163ional\u0103 a Consiliilor Jude\u0163ene din Rom\u00e2nia)<\/li>\n<li>ZPP (Asocia\u021bia Provinciilor Poloneze)<\/li>\n<li>FEMP (Federa\u021bia Spaniol\u0103 a Municipiilor \u0219i Provovinciilor)<\/li>\n<\/ul>\n<p><strong>Membri observatori:<\/strong><\/p>\n<p>\u00a0UCRM (Uniunea Consiliilor Raionale din Republica Moldova)<\/p>\n<h3>Organizare CEPLI<\/h3>\n<p>&#8211; Adunarea General\u0103, numit\u0103 &#8222;Conferin\u0163\u0103 politic\u0103&#8221;, care este organul suveran al Asocia\u0163iei.<br \/>&#8211; Consiliul de Administra\u0163ie, numit \u201eBiroul\u201d, din care fac parte Pre\u015fedintele, Vicepre\u015fedintele (Vicepre\u015fedin\u0163ii), Secretarul General \u015fi Trezorierul.<br \/>&#8211; Grupul Tehnic , fiecare membru poate desemna un expert tehnic care asist\u0103, f\u0103r\u0103 drept de vot, la \u015fedin\u0163ele Adun\u0103rii Generale \u015fi ale Consiliului de Administra\u0163ie.<\/p>\n<p>&nbsp;<\/p>\n<h5>Consiliul de Administra\u0163ie este alc\u0103tuit, \u00een prezent, din:<\/h5>\n<p>&#8211; Andr\u00e9 Viola &#8211; pre\u0219edinte\u00a0 (Adunarea Departamentelor din Fran\u0163a)<br \/>&#8211; Jos\u00e9 Manuel Baltar Blanco &#8211; vicepre\u015fedinte, (Re\u021beaua european\u0103 a provinciilor din Spania, Fran\u021ba, Belgia)<br \/>&#8211; Serge Hustache \u2013 trezorier (Asocia\u0163ia Provinciilor Valone))<\/p>\n<p>&nbsp;<\/p>\n<h5>Resursele Asocia\u0163iei provin din:<\/h5>\n<ul>\n<li>cotiza\u0163iile membrilor;<\/li>\n<li>ajutoare \u015fi subven\u0163ii acordate;<\/li>\n<li>sponsoriz\u0103ri, dona\u0163ii \u015fi legate;<\/li>\n<li>remunerarea anumitor presta\u0163ii;<\/li>\n<li>dob\u00e2nzi din plasarea disponibilit\u0103\u0163ilor \u015fi venituri din bunuri;<\/li>\n<li>orice alte resurse \u00een condi\u0163iile legii.<\/li>\n<\/ul>\n<ul><\/ul>\n<p>Totodat\u0103, Grupul Tehnic CEPLI se implic\u0103 \u00een fiecare an \u00een organizarea parteneriatelor regionale, \u00een vederea particip\u0103rii autorit\u0103\u0163ilor locale de nivel intermediar la evenimentul Open Days \u2013 s\u0103pt\u0103m\u00e2na european\u0103 a autorit\u0103\u0163ilor locale \u015fi regionale. Tot Grupul Tehnic este cel care preg\u0103te\u015fte reuniunile organelor CEPLI, Conferin\u0163ele Politice, documentele de pozi\u0163ie, etc.<\/p>\n<p>&nbsp;<\/p>\n<h3>Implicare \u00een CEPLI<strong><\/strong><\/h3>\n<p>Echipa Biroului UNCJR de la Bruxelles a fost promotorul particip\u0103rii UNCJR la aceast\u0103 confedera\u021bie \u015fi a reprezentat asocia\u021bia, de la fondare, la toate ac\u021biunile CEPLI. P\u00e2n\u0103 \u00een 2015, reprezentantul permanent la reuniunile de lucru a fost\u00a0 Liliana Mangeac, din 2015, dosarul a fost preluat de c\u0103tre\u00a0 M\u0103d\u0103lina Trandafir, coordonatorul biroului devenind \u00eentre timp (din 2013) \u015fi secretarul delega\u021biei Rom\u00e2niei la CPLRE. De la \u00eenceputul colabor\u0103rii, pentru orice activitate care implic\u0103 organizarea evenimentelor importante ale confedera\u021biei, \u00eentreaga echip\u0103 a biroului se implic\u0103, \u00een func\u021bie de necesit\u0103\u021bi \u015fi agend\u0103.<\/p>\n<p>Cea de-a \u015fasea Conferin\u0163\u0103 Politic\u0103 a CEPLI a avut loc la Ploie\u015fti, \u00een perioada 16-17 mai 2013, av\u00e2nd drept tem\u0103 \u201eDescentralizarea, resursele \u015fi autoguvernarea \u2013 un subiect ce suscit\u0103 dezbateri aprinse la nivel european, av\u00e2nd \u00een vedere c\u0103 guvernele na\u0163ionale tind s\u0103 apeleze mai degrab\u0103 la o centralizare sau la o descentralizare de fa\u0163ad\u0103\u201d (f\u0103r\u0103 asigurarea resurselor financiare\/umane necesare) \u2013 folosind drept scuz\u0103 efectele crizei economice \u015fi financiare.<\/p>\n<p>\u00cen anul 2015 CEPLI a organizat pentru prima dat\u0103 ca participant sub sigl\u0103 proprie, un seminar de tip \u201eside event\u201d a c\u0103rui tematic\u0103 a vizat dezvoltarea zonelor rurale \u201eProvinciile consolideaz\u0103 dezvoltarea economic\u0103 \u00een zonele rurale\u201d (Provinces reinforcing economic development in rural areas), evenimentul desf\u0103\u0219ur\u00e2ndu-se la sediul Biroului UNCJR &#8211; Bruxelles.<\/p>\n<p>\u00cen anul 2019 a fost organizat la Bruxelles 2019 un seminar pe tema tranzi\u021biei energetice \u015fi rolul administra\u021biilor jude\u021bene\/provinciale \u00een dezvoltarea durabil\u0103 a comunit\u0103\u021bilor locale, intitulat \u201eAutorit\u0103\u021bile locale de nivel Intermediar ac\u021bioneaz\u0103 pentru teritorii sustenabile\u201d.<\/p>\n<p>[\/et_pb_text][\/et_pb_column][\/et_pb_row][\/et_pb_section]<\/p>\n","protected":false},"excerpt":{"rendered":"<p>Confedera\u021bia European\u0103 a Puterilor Locale Intermediare &#8211; CEPLIConfedera\u021bia European\u0103 a Puterilor Locale Intermediare (European Confederation of Local Intermediate Authorities &#8211; CEPLI) este prima confedera\u021bie european\u0103 care grupeaz\u0103 nou\u0103 asocia\u021bii na\u021bionale reprezent\u00e2nd 1.167 autorit\u0103\u021bi locale intermediare din opt \u021b\u0103ri europene (Belgia, Bulgaria, Fran\u021ba, Germania, Ungaria, Italia, Polonia \u0219i Rom\u00e2nia) \u0219i dou\u0103 re\u021bele europene de autorit\u0103\u021bi locale [&hellip;]<\/p>\n","protected":false},"author":1,"featured_media":0,"parent":0,"menu_order":0,"comment_status":"closed","ping_status":"closed","template":"","meta":{"_et_pb_use_builder":"on","_et_pb_old_content":"<!-- wp:paragraph -->\n<p>xyz<\/p>\n<!-- \/wp:paragraph -->","_et_gb_content_width":"1440","footnotes":""},"class_list":["post-436","page","type-page","status-publish","hentry"],"_links":{"self":[{"href":"https:\/\/uncjr.ro\/web\/wp-json\/wp\/v2\/pages\/436","targetHints":{"allow":["GET"]}}],"collection":[{"href":"https:\/\/uncjr.ro\/web\/wp-json\/wp\/v2\/pages"}],"about":[{"href":"https:\/\/uncjr.ro\/web\/wp-json\/wp\/v2\/types\/page"}],"author":[{"embeddable":true,"href":"https:\/\/uncjr.ro\/web\/wp-json\/wp\/v2\/users\/1"}],"replies":[{"embeddable":true,"href":"https:\/\/uncjr.ro\/web\/wp-json\/wp\/v2\/comments?post=436"}],"version-history":[{"count":2,"href":"https:\/\/uncjr.ro\/web\/wp-json\/wp\/v2\/pages\/436\/revisions"}],"predecessor-version":[{"id":6333,"href":"https:\/\/uncjr.ro\/web\/wp-json\/wp\/v2\/pages\/436\/revisions\/6333"}],"wp:attachment":[{"href":"https:\/\/uncjr.ro\/web\/wp-json\/wp\/v2\/media?parent=436"}],"curies":[{"name":"wp","href":"https:\/\/api.w.org\/{rel}","templated":true}]}}