{"id":428,"date":"2021-09-08T11:26:20","date_gmt":"2021-09-08T09:26:20","guid":{"rendered":"https:\/\/uncjr.ro\/web\/?page_id=428"},"modified":"2024-02-27T20:09:39","modified_gmt":"2024-02-27T18:09:39","slug":"biroul-uncjr-bruxelles","status":"publish","type":"page","link":"https:\/\/uncjr.ro\/web\/biroul-uncjr-bruxelles\/","title":{"rendered":"Biroul UNCJR Bruxelles"},"content":{"rendered":"[et_pb_section fb_built=&#8221;1&#8243; _builder_version=&#8221;4.16&#8243; _module_preset=&#8221;default&#8221; background_image=&#8221;https:\/\/uncjr.ro\/web\/wp-content\/uploads\/bg-steaguri.jpg&#8221; global_colors_info=&#8221;{}&#8221;][et_pb_row _builder_version=&#8221;4.16&#8243; _module_preset=&#8221;default&#8221; global_colors_info=&#8221;{}&#8221;][et_pb_column type=&#8221;4_4&#8243; _builder_version=&#8221;4.16&#8243; _module_preset=&#8221;default&#8221; global_colors_info=&#8221;{}&#8221;][et_pb_text _builder_version=&#8221;4.24.2&#8243; _module_preset=&#8221;default&#8221; header_font=&#8221;|600|||||||&#8221; header_text_color=&#8221;#FFFFFF&#8221; hover_enabled=&#8221;0&#8243; global_colors_info=&#8221;{}&#8221; header_text_shadow_style=&#8221;preset1&#8243; sticky_enabled=&#8221;0&#8243;]<h1>BIROUL UNCJR BRUXELLES<\/h1>[\/et_pb_text][\/et_pb_column][\/et_pb_row][\/et_pb_section][et_pb_section fb_built=&#8221;1&#8243; admin_label=&#8221;section&#8221; _builder_version=&#8221;4.16&#8243; global_colors_info=&#8221;{}&#8221;][et_pb_row column_structure=&#8221;3_4,1_4&#8243; admin_label=&#8221;row&#8221; _builder_version=&#8221;4.16&#8243; background_size=&#8221;initial&#8221; background_position=&#8221;top_left&#8221; background_repeat=&#8221;repeat&#8221; global_colors_info=&#8221;{}&#8221;][et_pb_column type=&#8221;3_4&#8243; _builder_version=&#8221;4.16&#8243; custom_padding=&#8221;|||&#8221; global_colors_info=&#8221;{}&#8221; custom_padding__hover=&#8221;|||&#8221;][et_pb_text admin_label=&#8221;Text&#8221; _builder_version=&#8221;4.24.2&#8243; text_font_size=&#8221;16px&#8221; background_size=&#8221;initial&#8221; background_position=&#8221;top_left&#8221; background_repeat=&#8221;repeat&#8221; hover_enabled=&#8221;0&#8243; global_colors_info=&#8221;{}&#8221; text_line_height=&#8221;1.5em&#8221; sticky_enabled=&#8221;0&#8243;]<p style=\"text-align: justify;\">Uniunea Na\u021bional\u0103 a Consiliilor Jude\u021bene din Rom\u00e2nia a deschis pentru prima dat\u0103 un birou de reprezentare la Bruxelles pe data de 16 februarie 2004. Din 10 octombrie 2005 aceste birou a devenit unul permanent, obiectivul s\u0103u principal fiind reprezentarea intereselor asocia\u021biei \u00een fa\u021ba institu\u021biilor \u0219i actorilor europeni.<\/p>\n<p style=\"text-align: justify;\">Coordonatorul biroului permanent de la Bruxelles, din data de 15 mai 2007 p\u00e2n\u0103 \u00een prezent este Liliana Mangeac.<\/p>\n<p style=\"text-align: justify;\">Deschiderea acestui birou a fost parte a unei strategii interne pentru rela\u021biile interna\u021bionale\u00a0 prin care UNCJR, \u00een contextul procesului de aderare la UE, \u00ee\u0219i propunea s\u0103 reprezinte la nivel european interesele autorit\u0103\u021bilor jude\u021bene, s\u0103 promoveze imaginea comunit\u0103\u021bilor pe care acestea le reprezentau, s\u0103 informeze asupra oportunit\u0103\u021bilor de dezvoltare locale, \u00eencerc\u00e2nd s\u0103 influen\u021beze actorii europeni s\u0103 sprijine demersurile lor \u015fi s\u0103 sus\u021bin\u0103 implicarea regiunilor \u00een luarea deciziilor la nivel european, s\u0103 faciliteze crearea de rela\u021bii institu\u021bionale cu organisme ce sus\u021bin\/reprezint\u0103 autorit\u0103\u021bi locale, s\u0103 creeze\/dezvolte rela\u021bii de colaborare \u015fi parteneriat cu asocia\u021bii similare de autorit\u0103\u021bi locale \u015fi s\u0103 faciliteze participarea membrilor la proiecte \u015fi programe de cooperare.<\/p>\n<p style=\"text-align: justify;\">\u00cencep\u00e2nd din octombrie 2005 \u015fi p\u00e2n\u0103 la jum\u0103tatea anului 2010, echipa UNCJR de la Bruxelles a organizat anual c\u00e2te trei sau chiar patru perioade de stagii de reprezentare \u015fi formare pentru func\u021bionarii din cadrul consiliilor jude\u021bene, fiecare consiliu jude\u021bean av\u00e2nd posibilitatea de a trimite c\u00e2te un delegat pentru o perioad\u0103 de maximum trei luni. \u00cen anul 2010 din cauza interesului sc\u0103zut aceste stagii au luat sf\u00e2r\u0219it.<\/p>\n<p style=\"text-align: justify;\">Pe perioada stagiilor de preg\u0103tire \u015fi formare pentru reprezentan\u021bii consiliilor jude\u021bene, s-a reu\u0219it, printre altele, realizarea unor proiecte cu parteneri din regiunea Flandra (Belgia) \u00een cadrul finan\u021b\u0103rii anuale a Guvernului flamand pentru \u021b\u0103rile candidate. Consiliile jude\u021bene V\u00e2lcea, Bra\u0219ov \u015fi Tulcea au c\u00e2\u0219tigat dou\u0103 proiecte prin aceast\u0103 oportunitate (2006), dup\u0103 cum urmeaz\u0103: proiectul C.J. Tulcea \u201eDezvoltarea poten\u021bialului pentru un turism sustenabil \u00een ariile umede: studiul de caz Delta Dun\u0103rii\u201d \u015fi proiectul C.J. V\u00e2lcea \u015fi C.J. Bra\u0219ov\u00a0 \u201eAsisten\u021b\u0103 \u015fi instruire pentru actorii rom\u00e2ni implica\u021bi \u00een procesul de dezvoltare \u00een domeniile planificarea pentru dezvoltarea zonelor industriale \u2013 ca premis\u0103 obligatorie pentru atragerea investi\u021biilor str\u0103ine, \u015fi utilizarea eficient\u0103 a fondurilor structurale\u201d.<\/p>\n<h3 style=\"text-align: justify;\">Principalele sarcini ale Biroului European al UNCJR sunt:<\/h3>\n<ul style=\"text-align: justify;\">\n<li style=\"list-style-type: none;\">\n<ul>\n<li style=\"list-style-type: none;\">\n<ul>\n<li style=\"list-style-type: none;\">\n<ul>\n<li>s\u0103 asiste membrii delega\u021biei na\u021bionale la Comitetul Regiunilor;<\/li>\n<li>s\u0103 promoveze valorile \u0219i parteneriatele europene ca instrument cheie al integr\u0103rii;<\/li>\n<li>s\u0103 furnizeze informa\u021bii relevante membrilor asocia\u021biei \u00eentr-un mod direct \u0219i rapid;<\/li>\n<li>s\u0103 promoveze, s\u0103 sprijine \u0219i s\u0103 reprezinte interesele membrilor UNCJR \u00een fa\u021ba institu\u021biilor \u0219i actorilor UE;<\/li>\n<li>s\u0103 g\u0103zduiasc\u0103 delega\u021bii membrilor pentru perioade scurte de preg\u0103tire practic\u0103 \u0219i teoretic\u0103;<\/li>\n<li>s\u0103 contribuie la \u00een\u021belegerea agendei UE, precum \u0219i a diferitelor politici \u0219i programe care afecteaz\u0103 comunit\u0103\u021bile locale \u0219i regionale;<\/li>\n<li>s\u0103 dezvolte parteneriate cu diferi\u021bi actori europeni: asocia\u021bii \u0219i entit\u0103\u021bi ale administra\u021biei locale, ONG-uri, domeniul academic, companii private etc<\/li>\n<\/ul>\n<\/li>\n<\/ul>\n<\/li>\n<\/ul>\n<\/li>\n<\/ul>\n<p><\/p>[\/et_pb_text][\/et_pb_column][et_pb_column type=&#8221;1_4&#8243; _builder_version=&#8221;4.16&#8243; custom_padding=&#8221;|||&#8221; global_colors_info=&#8221;{}&#8221; custom_padding__hover=&#8221;|||&#8221;][et_pb_blog posts_number=&#8221;5&#8243; include_categories=&#8221;6&#8243; meta_date=&#8221;j M Y&#8221; show_thumbnail=&#8221;off&#8221; use_manual_excerpt=&#8221;off&#8221; show_author=&#8221;off&#8221; show_excerpt=&#8221;off&#8221; _builder_version=&#8221;4.16&#8243; _module_preset=&#8221;default&#8221; header_level=&#8221;h5&#8243; header_font=&#8221;|600|||||||&#8221; global_colors_info=&#8221;{}&#8221;][\/et_pb_blog][\/et_pb_column][\/et_pb_row][\/et_pb_section][et_pb_section fb_built=&#8221;1&#8243; prev_background_color=&#8221;#ffffff&#8221; _builder_version=&#8221;4.16&#8243; _module_preset=&#8221;default&#8221; background_image=&#8221;https:\/\/uncjr.ro\/web\/wp-content\/uploads\/pe-flags.jpg&#8221; parallax=&#8221;on&#8221; min_height=&#8221;60vh&#8221; top_divider_style=&#8221;slant2&#8243; bottom_divider_arrangement=&#8221;above_content&#8221; global_colors_info=&#8221;{}&#8221;][\/et_pb_section][et_pb_section fb_built=&#8221;1&#8243; _builder_version=&#8221;4.16&#8243; _module_preset=&#8221;default&#8221; background_color=&#8221;#f3f3f3&#8243; global_colors_info=&#8221;{}&#8221;][et_pb_row _builder_version=&#8221;4.16&#8243; _module_preset=&#8221;default&#8221; background_color=&#8221;rgba(255,255,255,0.85)&#8221; custom_margin=&#8221;-40vh||||false|false&#8221; custom_padding=&#8221;5vh|3vw|5vh|3vw|true|true&#8221; scroll_vertical_motion_enable=&#8221;on&#8221; scroll_vertical_motion=&#8221;0|50|50|100|2|0|-2&#8243; border_radii=&#8221;on|7px|7px|7px|7px&#8221; global_colors_info=&#8221;{}&#8221;][et_pb_column type=&#8221;4_4&#8243; _builder_version=&#8221;4.16&#8243; _module_preset=&#8221;default&#8221; global_colors_info=&#8221;{}&#8221;][et_pb_text _builder_version=&#8221;4.24.2&#8243; _module_preset=&#8221;default&#8221; text_font=&#8221;||||||||&#8221; text_text_color=&#8221;#000000&#8243; text_font_size=&#8221;16px&#8221; header_2_line_height=&#8221;1.5em&#8221; hover_enabled=&#8221;0&#8243; global_colors_info=&#8221;{}&#8221; text_line_height=&#8221;1.5em&#8221; sticky_enabled=&#8221;0&#8243;]<h2 style=\"text-align: justify;\">Activit\u0103\u021bi ale biroului UNCJR Bruxelles<\/h2>\n<p style=\"text-align: justify;\">\u00cen perioada 2005-2020, Biroul UNCJR-Bruxelles a transmis consiliilor jude\u021bene \u015fi conducerii executive a UNCJR peste 2.000 de oportunit\u0103\u021bi de finan\u021bare european\u0103 \u0219i propuneri de parteneriat \u00een cadrul unor proiecte cu cofinan\u021bare european\u0103 pentru care administra\u021biile jude\u021bene \u015fi orice alte autorit\u0103\u0163i sau entit\u0103\u0163i publice \u015fi private locale au fost eligibile. Peste 270 de solicit\u0103ri de parteneriat \u015fi contacte pentru diferite proiecte \u00een preg\u0103tire sau ac\u021biuni aflate \u00een implementare la nivel jude\u021bean sau local au fost diseminate \u00een mediul european de c\u0103tre echipa permanent\u0103 a Biroului UNCJR &#8211; Bruxelles.<\/p>\n<p style=\"text-align: justify;\">\u00cen perioada 2005 \u2013 2008, Biroul UNCJR-Bruxelles a cooperat, \u00een baza unor parteneriate, cu: Re\u021beaua European\u0103 Transregional\u0103 pentru Incluziune Social\u0103 (RETIS), o organiza\u021bie a guvernelor regionale \u015fi locale din Europa ce avea drept principal obiectiv dezvoltarea de politici de combatere a s\u0103r\u0103ciei \u015fi excluziunii sociale \u00een cadrul Uniunii Europene;<\/p>\n<p style=\"text-align: justify;\">\u00cencep\u00e2nd cu anul 2006, Biroul UNCJR-Bruxelles a cooperat, f\u0103r\u0103 s\u0103 existe un acord semnat, pe diverse paliere (sesiuni de informare \u015fi formare pentru stagiari, organizate ad-hoc sau programate, participarea la diferite evenimente, contacte \u015fi informa\u021bii pentru consiliile jude\u021bene interesate s\u0103 creeze agen\u021bii locale pentru eficien\u021b\u0103 energetic\u0103, promovare, etc.) cu FEDARENE &#8211; Federa\u021bia European\u0103 a Agen\u021biilor \u015fi Regiunilor pentru Energie \u015fi Mediu, prima re\u021bea european\u0103 de organiza\u021bii regionale \u0219i locale care implementeaz\u0103, coordoneaz\u0103 \u0219i faciliteaz\u0103 politici energetice \u0219i de mediu. Acest demers a ajutat mai multe asocia\u021bii din Rom\u00e2nia s\u0103 devin\u0103 membre, dup\u0103 cum urmeaz\u0103: Agen\u021bia Local\u0103 a Energiei Alba, Agen\u021bia pentru Eficien\u021b\u0103 Energetic\u0103 \u0219i Protec\u021bia Mediului Bucure\u0219ti, Agen\u021bia de Management Energetic Maramure\u0219,\u00a0 Asocia\u021bia regional\u0103 pentru energie \u015fi mediu Dun\u0103rea de Jos, Agen\u021bia pentru Eficien\u021b\u0103 Energetic\u0103 \u015fi Energii Regenerabile Prahova.<\/p>\n<p style=\"text-align: justify;\">Biroul UNCJR &#8211; Bruxelles a mai cooperat \u00een vederea realiz\u0103rii de schimburi de experien\u021b\u0103, seminare, vizite de teren cu: Asocia\u021bia european\u0103 a ale\u0219ilor locali din zonele montane (AEM), Re\u021beaua european\u0103 pentru ac\u021biuni sociale \u015fi incluziune la nivel local (ELISAN), Biroul BECI (Brussels Enterprises Commerce and Industry), Re\u021beaua Valon\u0103 Leader+ (Belgia) \u015fi compania Tr@ame (consultan\u021b\u0103 pentru Grupurile de Ac\u021biune Local\u0103; exper\u0163ii s\u0103i aveau deja o experien\u0163\u0103 cu Rom\u00e2nia, prin colabor\u0103ri diverse locale sau na\u0163ionale, inclusiv cu Ministerul Agriculturii).<\/p>\n<p style=\"text-align: justify;\">Din anul 2008 \u015fi p\u00e2n\u0103 \u00een prezent, Biroul UNCJR &#8211; Bruxelles a sprijinit asocia\u021bia belgian\u0103 \u201ePartenariat Villages Roumains\u201d (\u0219i, ulterior, asocia\u021bia \u201eJeunes en Roumanie\u201d) \u00een organizarea taberelor de scouts\/pionieri\/cerceta\u0219i belgieni \u00een Rom\u00e2nia, prin identificarea, \u00eempreun\u0103 cu consiliile jude\u021bene, a comunit\u0103\u021bilor locale rurale care au nevoie de ajutor pentru realizarea de lucr\u0103ri de \u0219antier (renovare \u0219coli\/c\u0103mine sau s\u0103li de clas\u0103), ecologizare sau organizarea de activit\u0103\u021bi destinate copiilor pe perioada vacan\u021bei de var\u0103. Din anul 2008 \u015fi p\u00e2n\u0103 \u00een vara anului 2019, au fost realizate 276 de proiecte de voluntariat la care au participat 4.645 de tineri voluntari belgieni, ace\u0219tia deplas\u00e2ndu-se pe cheltuiala lor \u00een Rom\u00e2nia pentru a presta gratuit munca solicitat\u0103. \u00cen anul 2020, niciunul din cele 24 de proiecte preg\u0103tite de tinerii voluntari belgieni \u00eempreun\u0103 cu comunele din Rom\u00e2nia \u015fi cu sprijinul Biroului UNCJR &#8211; Bruxelles nu a putut fi desf\u0103\u0219urat din cauza restric\u021biilor de deplasare impuse de criza sanitar\u0103.<\/p>\n<p style=\"text-align: justify;\">\u00een fiecare an, echipa Biroului UNCJR &#8211; Bruxelles particip\u0103 la \u201eEU Sustainable Energy Week (EUSEW)\u201d (S\u0103pt\u0103m\u00e2na european\u0103 a energiei durabile), cel mai mare eveniment anual dedicat surselor regenerabile de energie \u0219i utiliz\u0103rii eficiente a energiei din Europa organizat de Comisia european\u0103. Participarea are \u00een vedere ob\u0163inerea informa\u0163iilor europene relevante pe acest subiect pentru informare \u015fi diseminare.<\/p>\n<p style=\"text-align: justify;\">Anual, echipa UNCJR &#8211; Bruxelles particip\u0103 la \u201eGreen Week\u201d \u2013 s\u0103pt\u0103m\u00e2na european\u0103 a mediului \u00eenconjur\u0103tor, cea mai mare conferin\u021b\u0103 anual\u0103 din Europa axat\u0103 pe politica de mediu \u015fi ac\u0163iuni climatice. Participarea are \u00een vedere ob\u0163inerea informa\u0163iilor europene relevante pe acest subiect pentru informare \u015fi diseminare.<\/p>\n<p style=\"text-align: justify;\">Echipa UNCJR &#8211; Bruxelles a participat de-a lungul timpului, acord\u00e2nd \u015fi sprijin, la diverse evenimente organizate de \u201eOperation Villages Roumains\u201d, \u201ePartenariat Villages Roumains\u201d \u015fi \u201eActie Dorpen Roemenie \u2013 Vlaanderen\u201d (asocia\u021bii belgiene de cooperare descentralizat\u0103 cu Rom\u00e2nia). Totodat\u0103, a participat \u015fi a acordat sprijin organiz\u0103rii Forumurilor de cooperare descentralizat\u0103 Rom\u00e2nia-Belgia (de exemplu 2013-Leuven, Belgia, 2015 \u2013 Ia\u0219i, Rom\u00e2nia).<\/p>[\/et_pb_text][\/et_pb_column][\/et_pb_row][\/et_pb_section]<!-- \/wp:post-content -->","protected":false},"excerpt":{"rendered":"<p>BIROUL UNCJR BRUXELLESUniunea Na\u021bional\u0103 a Consiliilor Jude\u021bene din Rom\u00e2nia a deschis pentru prima dat\u0103 un birou de reprezentare la Bruxelles pe data de 16 februarie 2004. Din 10 octombrie 2005 aceste birou a devenit unul permanent, obiectivul s\u0103u principal fiind reprezentarea intereselor asocia\u021biei \u00een fa\u021ba institu\u021biilor \u0219i actorilor europeni. Coordonatorul biroului permanent de la Bruxelles, [&hellip;]<\/p>\n","protected":false},"author":1,"featured_media":0,"parent":0,"menu_order":0,"comment_status":"closed","ping_status":"closed","template":"","meta":{"_et_pb_use_builder":"on","_et_pb_old_content":"<!-- wp:paragraph -->\n<p>xyz<\/p>\n<!-- \/wp:paragraph -->","_et_gb_content_width":"1440","footnotes":""},"class_list":["post-428","page","type-page","status-publish","hentry"],"_links":{"self":[{"href":"https:\/\/uncjr.ro\/web\/wp-json\/wp\/v2\/pages\/428","targetHints":{"allow":["GET"]}}],"collection":[{"href":"https:\/\/uncjr.ro\/web\/wp-json\/wp\/v2\/pages"}],"about":[{"href":"https:\/\/uncjr.ro\/web\/wp-json\/wp\/v2\/types\/page"}],"author":[{"embeddable":true,"href":"https:\/\/uncjr.ro\/web\/wp-json\/wp\/v2\/users\/1"}],"replies":[{"embeddable":true,"href":"https:\/\/uncjr.ro\/web\/wp-json\/wp\/v2\/comments?post=428"}],"version-history":[{"count":3,"href":"https:\/\/uncjr.ro\/web\/wp-json\/wp\/v2\/pages\/428\/revisions"}],"predecessor-version":[{"id":5303,"href":"https:\/\/uncjr.ro\/web\/wp-json\/wp\/v2\/pages\/428\/revisions\/5303"}],"wp:attachment":[{"href":"https:\/\/uncjr.ro\/web\/wp-json\/wp\/v2\/media?parent=428"}],"curies":[{"name":"wp","href":"https:\/\/api.w.org\/{rel}","templated":true}]}}