{"id":2064,"date":"2021-09-16T13:15:02","date_gmt":"2021-09-16T11:15:02","guid":{"rendered":"https:\/\/uncjr.ro\/web\/?page_id=2064"},"modified":"2021-09-17T11:01:46","modified_gmt":"2021-09-17T09:01:46","slug":"curtea-europeana-de-conturi","status":"publish","type":"page","link":"https:\/\/uncjr.ro\/web\/curtea-europeana-de-conturi\/","title":{"rendered":"Curtea European\u0103 de Conturi"},"content":{"rendered":"<p>[et_pb_section fb_built=&#8221;1&#8243; _builder_version=&#8221;4.10.5&#8243; _module_preset=&#8221;default&#8221; global_colors_info=&#8221;{}&#8221;][et_pb_row column_structure=&#8221;3_5,2_5&#8243; _builder_version=&#8221;4.10.5&#8243; _module_preset=&#8221;default&#8221; global_colors_info=&#8221;{}&#8221;][et_pb_column type=&#8221;3_5&#8243; _builder_version=&#8221;4.10.5&#8243; _module_preset=&#8221;default&#8221; global_colors_info=&#8221;{}&#8221;][et_pb_text _builder_version=&#8221;4.10.5&#8243; _module_preset=&#8221;default&#8221; global_colors_info=&#8221;{}&#8221;]<\/p>\n<h1 style=\"text-align: justify;\">Curtea European\u0103 de Conturi<\/h1>\n<p>&nbsp;<\/p>\n<p style=\"text-align: justify;\">Curtea de Conturi a fost \u00eenfiin\u021bat\u0103 la 22 iulie 1975 \u0219i \u0219i-a \u00eenceput activitatea la Luxemburg, \u00een octombrie 1977. De atunci, a fost ridicat\u0103 la rangul de institu\u021bie a Uniunii. Este format\u0103 din 27 de membri, num\u0103r egal cu cel al statelor membre din prezent. Ace\u0219tia sunt numi\u021bi pentru o perioad\u0103 de \u0219ase ani de c\u0103tre Consiliul UE, care aprob\u0103, cu majoritate calificat\u0103 \u0219i dup\u0103 consultarea Parlamentului European, lista membrilor stabilit\u0103 \u00een conformitate cu propunerile f\u0103cute de fiecare stat membru. Membrii \u00eel desemneaz\u0103 din r\u00e2ndul lor pe pre\u0219edintele Cur\u021bii de Conturi, pentru o perioad\u0103 de trei ani. Mandatul acestuia poate fi re\u00eennoit.<\/p>\n<p style=\"text-align: justify;\">Sarcina Cur\u021bii de Conturi este aceea de a\u00a0stabili dac\u0103 toate veniturile au fost \u00eencasate, dac\u0103 toate cheltuielile au fost efectuate \u00een mod legal \u0219i cu respectarea procedurilor \u00een vigoare \u0219i dac\u0103 gestiunea financiar\u0103 a\u00a0fost corespunz\u0103toare. Cel mai important instrument al Cur\u021bii de Conturi este faptul c\u0103 are dreptul s\u0103 \u00ee\u0219i fac\u0103 publice constat\u0103rile. Rezultatele anchetelor sale sunt rezumate \u00eentr-un raport anual, la \u00eencheierea fiec\u0103rui exerci\u021biu financiar, care este publicat \u00een\u00a0Jurnalul Oficial al Uniunii Europene\u00a0\u0219i adus astfel \u00een aten\u021bia publicului. Curtea de Conturi poate \u00eentocmi rapoarte speciale \u00een orice moment cu privire la anumite domenii ale gestiunii financiare, acestea fiind, de asemenea, publicate \u00een Jurnalul Oficial.<\/p>\n<p>[\/et_pb_text][\/et_pb_column][et_pb_column type=&#8221;2_5&#8243; _builder_version=&#8221;4.10.5&#8243; _module_preset=&#8221;default&#8221; global_colors_info=&#8221;{}&#8221;][et_pb_image src=&#8221;https:\/\/uncjr.ro\/web\/wp-content\/uploads\/bzgdmcc3_400x4001-1.jpg&#8221; title_text=&#8221;bzgdmcc3_400x4001 (1)&#8221; url=&#8221;https:\/\/www.eca.europa.eu\/ro\/Pages\/ecadefault.aspx&#8221; url_new_window=&#8221;on&#8221; _builder_version=&#8221;4.10.5&#8243; _module_preset=&#8221;default&#8221; width=&#8221;100%&#8221; animation_style=&#8221;slide&#8221; global_colors_info=&#8221;{}&#8221;][\/et_pb_image][\/et_pb_column][\/et_pb_row][et_pb_row _builder_version=&#8221;4.10.5&#8243; _module_preset=&#8221;default&#8221; global_colors_info=&#8221;{}&#8221;][et_pb_column type=&#8221;4_4&#8243; _builder_version=&#8221;4.10.5&#8243; _module_preset=&#8221;default&#8221; global_colors_info=&#8221;{}&#8221;][et_pb_text _builder_version=&#8221;4.10.5&#8243; _module_preset=&#8221;default&#8221; global_colors_info=&#8221;{}&#8221;]<\/p>\n<h3 style=\"text-align: justify;\">Ce face Curtea de Conturi<\/h3>\n<p style=\"text-align: justify;\">Auditeaz\u0103\u00a0veniturile \u0219i cheltuielile UE, pentru a verifica dac\u0103 fondurile au fost colectate \u0219i cheltuite corect, dac\u0103 au fost utilizate \u00een a\u0219a fel \u00eenc\u00e2t s\u0103 produc\u0103 valoare ad\u0103ugat\u0103 \u0219i dac\u0103 au fost contabilizate corespunz\u0103tor.<\/p>\n<p style=\"text-align: justify;\">Verific\u0103 toate\u00a0persoanele \u0219i organiza\u021biile care gestioneaz\u0103 fonduri UE, efectu\u00e2nd inclusiv controale la fa\u021ba locului \u00een institu\u021biile UE (\u00een special \u00een cadrul Comisiei Europene), \u00een \u021b\u0103rile membre \u0219i \u00een \u021b\u0103rile care primesc ajutor din partea UE.<\/p>\n<p style=\"text-align: justify;\">Formuleaz\u0103 constat\u0103ri \u0219i recomand\u0103ri \u00een\u00a0rapoartele de audit, destinate Comisiei Europene \u0219i guvernelor na\u021bionale.<\/p>\n<p style=\"text-align: justify;\">Raporteaz\u0103 suspiciuni de\u00a0fraud\u0103, corup\u021bie sau alte activit\u0103\u021bi ilegale\u00a0c\u0103tre\u00a0Oficiul European de Lupt\u0103 Antifraud\u0103\u00a0(OLAF).<\/p>\n<p style=\"text-align: justify;\">Elaboreaz\u0103 un\u00a0raport anual\u00a0pentru\u00a0Parlamentul European\u00a0\u0219i\u00a0Consiliul UE, pe care Parlamentul \u00eel examineaz\u0103 \u00eenainte de a decide dac\u0103 s\u0103 aprobe sau nu modul \u00een care Comisia gestioneaz\u0103 bugetul UE.<\/p>\n<p style=\"text-align: justify;\">Public\u0103\u00a0avize\u00a0formulate de exper\u021bi, menite s\u0103 ajute factorii politici s\u0103 ia cele mai bune decizii pentru o utilizare c\u00e2t mai eficient\u0103 \u0219i transparent\u0103 a fondurilor europene.<\/p>\n<p style=\"text-align: justify;\">Public\u0103, de asemenea, avize privind actele legislative preg\u0103titoare care vor avea impact asupra gestiunii financiare a UE, precum \u0219i documente de pozi\u021bie, analize \u0219i publica\u021bii pe teme legate de finan\u021bele publice ale Uniunii.<\/p>\n<p style=\"text-align: justify;\">Pentru a fi eficient\u0103, Curtea trebuie s\u0103 fie\u00a0independent\u0103\u00a0fa\u021b\u0103 de institu\u021biile \u0219i organismele pe care le verific\u0103. De aceea, este liber\u0103 s\u0103 decid\u0103:<\/p>\n<p style=\"text-align: justify; padding-left: 80px;\">ce\u00a0auditeaz\u0103<\/p>\n<p style=\"text-align: justify; padding-left: 80px;\">cum\u00a0auditeaz\u0103<\/p>\n<p style=\"text-align: justify; padding-left: 80px;\">cum \u0219i unde\u00a0\u00ee\u0219i prezint\u0103 constat\u0103rile.<\/p>\n<p style=\"text-align: justify;\">\n<p style=\"text-align: justify;\">Activitatea de audit a Cur\u021bii se concentreaz\u0103 mai ales asupra Comisiei Europene, principalul organism responsabil cu implementarea bugetului UE. Curtea colaboreaz\u0103 \u00eendeaproape \u0219i cu autorit\u0103\u021bile na\u021bionale, deoarece Comisia gestioneaz\u0103 majoritatea fondurilor UE (aproximativ 80\u00a0%) \u00eempreun\u0103 cu acestea.<\/p>\n<h3 style=\"text-align: justify;\">Structura Cur\u021bii Europene de Conturi<\/h3>\n<p style=\"text-align: justify;\">Structura Cur\u021bii s-a dezvoltat \u00een paralel cu evolu\u021bia Uniunii Europene. De la nou\u0103 membri \u0219i 120\u00a0de angaja\u021bi \u00een 1977, Curtea num\u0103r\u0103 acum 27\u00a0de membri \u2013 repartiza\u021bi \u00een cinci camere \u2013 \u0219i aproape 900\u00a0de angaja\u021bi cu sarcini de natur\u0103 opera\u021bional\u0103 sau administrativ\u0103, care provin din toate statele membre.\u00a0<\/p>\n<p style=\"text-align: justify;\">Membrii Cur\u021bii sunt numi\u021bi de Consiliu, dup\u0103 consultarea Parlamentului, pentru un mandat de \u0219ase ani, care poate fi re\u00eennoit. Membrii \u00ee\u0219i aleg un pre\u0219edinte, pentru un mandat de trei ani care, de asemenea, poate fi re\u00eennoit.<\/p>\n<p style=\"text-align: justify;\">\n<p style=\"text-align: justify;\">\n<h3 style=\"text-align: justify;\">Cum lucreaz\u0103 Curtea European\u0103 de Conturi<\/h3>\n<ul style=\"text-align: justify;\">\n<li><strong>Audit financiar<\/strong>\u00a0&#8211; examineaz\u0103 conturile pentru a verifica dac\u0103 acestea reflect\u0103 cu acurate\u021be situa\u021bia financiar\u0103, rezultatele \u0219i fluxurile de numerar din exerci\u021biul financiar \u00eencheiat.<\/li>\n<li><strong>Audit de conformitate<\/strong>\u00a0&#8211; verific\u0103 dac\u0103 tranzac\u021biile financiare respect\u0103 regulile.<\/li>\n<li><strong>Audit al performan\u021bei<\/strong>\u00a0&#8211; verific\u0103 dac\u0103 finan\u021barea UE \u00ee\u0219i atinge obiectivele utiliz\u00e2nd c\u00e2t mai pu\u021bin resurse, \u00eentr-un mod c\u00e2t mai economic.<\/li>\n<\/ul>\n<p style=\"text-align: justify;\">Curtea este constituit\u0103 din\u00a0grupuri de audit\u00a0numite\u00a0camere. Acestea preg\u0103tesc rapoarte \u0219i avize care sunt adoptate de membrii Cur\u021bii, devenind astfel oficiale.<\/p>\n<p style=\"text-align: justify;\">\n<h3 style=\"text-align: justify;\">Scurt istoric<\/h3>\n<p style=\"text-align: justify;\">Curtea de Conturi European\u0103 a fost creat\u0103 \u00eentr-un moment \u00een care Comunitatea European\u0103 (precursoarea UE) urm\u0103rea s\u0103 devin\u0103 mai responsabil\u0103 din punct de vedere democratic \u00een fa\u021ba cet\u0103\u021benilor s\u0103i. Dou\u0103 evolu\u021bii\u2011cheie din perioada respectiv\u0103 au fost extinderea competen\u021belor Parlamentului \u00een domeniul controlului bugetar \u0219i finan\u021barea integral\u0103 a bugetului Comunit\u0103\u021bii Europene din resurse proprii. Comunitatea a devenit con\u0219tient\u0103 de faptul c\u0103 avea nevoie \u0219i de un auditor extern complet independent, care s\u0103 ajute Parlamentul \u0219i Consiliul s\u0103 asigure controlul democratic al finan\u021belor sale. De la crearea Comunit\u0103\u021bii \u00een 1958, aceast\u0103 sarcin\u0103 fusese \u00eendeplinit\u0103 de o comisie de audit de mici dimensiuni care, dup\u0103 cum a devenit din ce \u00een ce mai evident, nu dispunea de competen\u021bele \u0219i resursele necesare pentru a asigura un audit adecvat al bugetului aflat \u00een cre\u0219tere rapid\u0103.<\/p>\n<p style=\"text-align: justify;\">Curtea de Conturi European\u0103 a devenit o institu\u021bie european\u0103 de sine st\u0103t\u0103toare la 1\u00a0noiembrie\u00a01993, odat\u0103 cu intrarea \u00een vigoare a Tratatului de la Maastricht. Independen\u021ba \u0219i autoritatea Cur\u021bii au fost consolidate, dat fiind c\u0103 ea se afla de acum \u00eenainte pe pozi\u021bii egale cu Comisia, Consiliul \u0219i Parlamentul. De asemenea, Tratatul de la Maastricht a introdus ceea ce avea s\u0103 devin\u0103 un produs\u2011far al Cur\u021bii \u2013 declara\u021bia de asigurare (DAS) anual\u0103 cu privire la fiabilitatea conturilor UE \u0219i la legalitatea \u0219i regularitatea opera\u021biunilor subiacente.<\/p>\n<p>[\/et_pb_text][\/et_pb_column][\/et_pb_row][\/et_pb_section]<\/p>\n","protected":false},"excerpt":{"rendered":"<p>Curtea European\u0103 de Conturi &nbsp; Curtea de Conturi a fost \u00eenfiin\u021bat\u0103 la 22 iulie 1975 \u0219i \u0219i-a \u00eenceput activitatea la Luxemburg, \u00een octombrie 1977. De atunci, a fost ridicat\u0103 la rangul de institu\u021bie a Uniunii. Este format\u0103 din 27 de membri, num\u0103r egal cu cel al statelor membre din prezent. Ace\u0219tia sunt numi\u021bi pentru o [&hellip;]<\/p>\n","protected":false},"author":2,"featured_media":0,"parent":0,"menu_order":0,"comment_status":"closed","ping_status":"closed","template":"","meta":{"_et_pb_use_builder":"on","_et_pb_old_content":"","_et_gb_content_width":"","footnotes":""},"class_list":["post-2064","page","type-page","status-publish","hentry"],"_links":{"self":[{"href":"https:\/\/uncjr.ro\/web\/wp-json\/wp\/v2\/pages\/2064","targetHints":{"allow":["GET"]}}],"collection":[{"href":"https:\/\/uncjr.ro\/web\/wp-json\/wp\/v2\/pages"}],"about":[{"href":"https:\/\/uncjr.ro\/web\/wp-json\/wp\/v2\/types\/page"}],"author":[{"embeddable":true,"href":"https:\/\/uncjr.ro\/web\/wp-json\/wp\/v2\/users\/2"}],"replies":[{"embeddable":true,"href":"https:\/\/uncjr.ro\/web\/wp-json\/wp\/v2\/comments?post=2064"}],"version-history":[{"count":0,"href":"https:\/\/uncjr.ro\/web\/wp-json\/wp\/v2\/pages\/2064\/revisions"}],"wp:attachment":[{"href":"https:\/\/uncjr.ro\/web\/wp-json\/wp\/v2\/media?parent=2064"}],"curies":[{"name":"wp","href":"https:\/\/api.w.org\/{rel}","templated":true}]}}