{"id":2058,"date":"2021-09-16T12:42:41","date_gmt":"2021-09-16T10:42:41","guid":{"rendered":"https:\/\/uncjr.ro\/web\/?page_id=2058"},"modified":"2021-09-17T09:18:42","modified_gmt":"2021-09-17T07:18:42","slug":"banca-central-europeana","status":"publish","type":"page","link":"https:\/\/uncjr.ro\/web\/banca-central-europeana\/","title":{"rendered":"Banca Central European\u0103"},"content":{"rendered":"<p>[et_pb_section fb_built=&#8221;1&#8243; _builder_version=&#8221;4.10.5&#8243; _module_preset=&#8221;default&#8221; global_colors_info=&#8221;{}&#8221;][et_pb_row column_structure=&#8221;3_5,2_5&#8243; _builder_version=&#8221;4.10.5&#8243; _module_preset=&#8221;default&#8221; global_colors_info=&#8221;{}&#8221;][et_pb_column type=&#8221;3_5&#8243; _builder_version=&#8221;4.10.5&#8243; _module_preset=&#8221;default&#8221; global_colors_info=&#8221;{}&#8221;][et_pb_text _builder_version=&#8221;4.10.5&#8243; _module_preset=&#8221;default&#8221; global_colors_info=&#8221;{}&#8221;]<\/p>\n<h1>Banca Central European\u0103<\/h1>\n<p>&nbsp;<\/p>\n<p style=\"text-align: justify;\">Banca Central\u0103 European\u0103 (BCE), cu sediul la Frankfurt pe Main, este centrul uniunii economice \u0219i monetare. Sarcina acestei institu\u021bii este de a\u00a0men\u021bine stabilitatea monedei europene, euro, \u0219i de a\u00a0controla fluxul de moned\u0103 \u00een circula\u021bie.<\/p>\n<p style=\"text-align: justify;\">Pentru a\u00a0\u00eendeplini aceast\u0103 sarcin\u0103, independen\u021ba BCE este garantat\u0103 prin numeroase dispozi\u021bii legale. \u00cen exercitarea competen\u021belor \u0219i \u00een \u00eendeplinirea misiunilor \u0219i \u00eendatoririlor, nici BCE \u0219i nicio banc\u0103 central\u0103 na\u021bional\u0103 nu pot accepta instruc\u021biuni din partea institu\u021biilor Uniunii, a\u00a0guvernelor statelor membre sau a\u00a0oric\u0103rui alt organism. Institu\u021biile UE, precum \u0219i guvernele statelor membre se angajeaz\u0103 s\u0103 nu \u00eencerce s\u0103 influen\u021beze BCE.<\/p>\n<p style=\"text-align: justify;\">Sistemul European al B\u0103ncilor Centrale (SEBC) este format din BCE \u0219i b\u0103ncile centrale din statele membre. SEBC are misiunea de a defini \u0219i a pune \u00een aplicare politica monetar\u0103 a Uniunii \u0219i de\u021bine competen\u021ba de a autoriza emiterea de bancnote \u0219i monede \u00een cadrul Uniunii. De asemenea, acesta administreaz\u0103 rezervele valutare oficiale ale statelor membre \u0219i asigur\u0103 buna func\u021bionare a sistemelor de pl\u0103\u021bi.<\/p>\n<div id=\"gtx-trans\" style=\"position: absolute; left: -108px; top: -8.8px;\">\n<div class=\"gtx-trans-icon\"><\/div>\n<\/div>\n<p>[\/et_pb_text][\/et_pb_column][et_pb_column type=&#8221;2_5&#8243; _builder_version=&#8221;4.10.5&#8243; _module_preset=&#8221;default&#8221; global_colors_info=&#8221;{}&#8221;][et_pb_image src=&#8221;https:\/\/uncjr.ro\/web\/wp-content\/uploads\/European-Central-Bank-696&#215;363-1-removebg-preview.png&#8221; title_text=&#8221;European-Central-Bank-696&#215;363-1-removebg-preview&#8221; url=&#8221;https:\/\/www.ecb.europa.eu\/home\/html\/index.en.html&#8221; url_new_window=&#8221;on&#8221; _builder_version=&#8221;4.10.5&#8243; _module_preset=&#8221;default&#8221; animation_style=&#8221;slide&#8221; hover_enabled=&#8221;0&#8243; global_colors_info=&#8221;{}&#8221; sticky_enabled=&#8221;0&#8243;][\/et_pb_image][\/et_pb_column][\/et_pb_row][et_pb_row _builder_version=&#8221;4.10.5&#8243; _module_preset=&#8221;default&#8221; global_colors_info=&#8221;{}&#8221;][et_pb_column type=&#8221;4_4&#8243; _builder_version=&#8221;4.10.5&#8243; _module_preset=&#8221;default&#8221; global_colors_info=&#8221;{}&#8221;][et_pb_text _builder_version=&#8221;4.10.5&#8243; _module_preset=&#8221;default&#8221; hover_enabled=&#8221;0&#8243; global_colors_info=&#8221;{}&#8221; sticky_enabled=&#8221;0&#8243;]<\/p>\n<h3 style=\"text-align: justify;\">Ce face Banca Central European\u0103<\/h3>\n<ul>\n<li style=\"list-style-type: none;\">\n<ul>\n<li style=\"list-style-type: none;\">\n<ul style=\"text-align: justify;\">\n<li>Fixeaz\u0103\u00a0rata dob\u00e2nzilor la care\u00a0acord\u0103 credite b\u0103ncilor comerciale\u00a0din\u00a0zona euro, control\u00e2nd astfel masa monetar\u0103 \u0219i infla\u021bia.<\/li>\n<li>Gestioneaz\u0103\u00a0rezervele valutare str\u0103ine\u00a0din zona euro, precum \u0219i cump\u0103rarea \u0219i v\u00e2nzarea de valut\u0103 pentru a echilibra cursurile de schimb.<\/li>\n<li>Se asigur\u0103 c\u0103\u00a0institu\u021biile \u0219i pie\u021bele financiare\u00a0sunt supravegheate corespunz\u0103tor de c\u0103tre autorit\u0103\u021bile na\u021bionale \u0219i c\u0103 sistemele de pl\u0103\u021bi func\u021bioneaz\u0103 corect.<\/li>\n<li>Garanteaz\u0103 siguran\u021ba \u0219i soliditatea sistemului bancar european.<\/li>\n<li>Autorizeaz\u0103\u00a0tip\u0103rirea de bancnote euro\u00a0de c\u0103tre \u021b\u0103rile din zona euro.<\/li>\n<li>Monitorizeaz\u0103\u00a0evolu\u021bia pre\u021burilor\u00a0\u0219i evalueaz\u0103 riscul pe care aceasta \u00eel poate reprezenta pentru\u00a0stabilitatea pre\u021burilor.<\/li>\n<\/ul>\n<\/li>\n<\/ul>\n<\/li>\n<\/ul>\n<h3 style=\"text-align: justify;\">Structura B\u0103ncii Central Europene<\/h3>\n<p style=\"text-align: justify;\">Pre\u0219edintele BCE\u00a0reprezint\u0103 institu\u021bia la reuniunile europene \u0219i interna\u021bionale la nivel \u00eenalt. BCE dispune de urm\u0103toarele trei\u00a0organisme decizionale:<\/p>\n<ul>\n<li style=\"list-style-type: none;\">\n<ul>\n<li style=\"list-style-type: none;\">\n<ul style=\"text-align: justify;\">\n<li><strong>Consiliul guvernatorilor<\/strong>\u00a0este\u00a0principalul organ decizional.<br \/>Este alc\u0103tuit din Comitetul executiv \u0219i din guvernatorii b\u0103ncilor centrale din zona euro.<\/li>\n<li><strong>Comitetul executiv\u00a0<\/strong>gestioneaz\u0103\u00a0activit\u0103\u021bile cotidiene\u00a0ale BCE.<br \/>Este format din pre\u0219edintele \u0219i vicepre\u0219edinte BCE \u0219i al\u021bi patru membri desemna\u021bi de liderii \u021b\u0103rilor din zona euro pentru un mandat de opt ani.<\/li>\n<li><strong>Consiliul general<\/strong>\u00a0are mai ales un\u00a0rol de consultan\u021b\u0103 \u0219i coordonare.<br \/>Este format din pre\u0219edintele \u0219i vicepre\u0219edintele BCE \u0219i din guvernatorii b\u0103ncilor centrale din toate statele membre.<\/li>\n<\/ul>\n<\/li>\n<\/ul>\n<\/li>\n<\/ul>\n<h4 style=\"text-align: justify;\">Atribu\u021biile organelor decizionale<\/h4>\n<p style=\"text-align: justify;\"><strong>Consiliul guvernatorilor<\/strong>\u00a0analizeaz\u0103 evolu\u021biile economice \u0219i monetare, define\u0219te politica monetar\u0103 a zonei euro \u0219i fixeaz\u0103 ratele dob\u00e2nzilor la care b\u0103ncile comerciale pot ob\u021bine bani de la BCE.<\/p>\n<p style=\"text-align: justify;\"><strong>Comitetul executiv<\/strong>\u00a0aplic\u0103 politica monetar\u0103, gestioneaz\u0103 opera\u021biunile zilnice, preg\u0103te\u0219te reuniunile Consiliului guvernatorilor \u0219i exercit\u0103 competen\u021bele pe care acesta din urm\u0103 i le deleag\u0103.<\/p>\n<p style=\"text-align: justify;\"><strong>Consiliul general\u00a0<\/strong>contribuie la ac\u021biunile de consultare \u0219i coordonare \u0219i ofer\u0103 sprijin \u021b\u0103rilor care se preg\u0103tesc s\u0103 adere la zona euro.<\/p>\n<p style=\"text-align: justify;\">BCE colaboreaz\u0103 cu b\u0103ncile centrale ale tuturor statelor membre ale UE. \u00cempreun\u0103, formeaz\u0103\u00a0Sistemul European al B\u0103ncilor Centrale.<\/p>\n<p style=\"text-align: justify;\">BCE conduce cooperarea \u00eentre b\u0103ncile centrale din zona euro. Este vorba despre a\u0219a-numitul\u00a0eurosistem.<\/p>\n<p style=\"text-align: justify;\">\n<h3 style=\"text-align: justify;\">Scurt istoric<\/h3>\n<p style=\"text-align: justify;\">Banca Central\u0103 European\u0103 a fost \u00eenfiin\u021bat\u0103 la data de 1 iunie 1998, devenind banca central\u0103 independent\u0103 responsabil\u0103 de moneda unic\u0103 european\u0103 (euro), care a fost lansat\u0103 \u00een luna ianuarie 1999. \u00cen luna mai 1998, Consiliul European a adoptat una dintre deciziile cele mai importante din istoria integr\u0103rii europene. Liderii UE au hot\u0103r\u00e2t c\u0103 11 state membre \u00eendeplineau condi\u021biile pentru adoptarea euro. Acest eveniment istoric \u00ee\u0219i are originea \u00een semnarea, \u00een anul 1992, a Tratatului de la Maastricht, prin care a fost definit cadrul institu\u021bional al\u00a0Sistemul European al B\u0103ncilor Centrale.<\/p>\n<p style=\"text-align: justify;\">\u00cen anul 1969, \u00een urma unei serii de crize a cursului de schimb \u0219i a balan\u021bei de pl\u0103\u021bi, liderii celor \u0219ase \u021b\u0103ri membre ale CEE au decis elaborarea unui plan de uniune economic\u0103 \u0219i monetar\u0103. Aceast\u0103 decizie s-a materializat \u00een anul 1970, sub forma\u00a0Raportului Werner, care prevedea realizarea uniunii \u00een trei etape p\u00e2n\u0103 \u00een anul 1980. Acest proiect ambi\u021bios a fost abandonat \u00een anul 1971, dup\u0103 pr\u0103bu\u0219irea sistemului cursurilor de schimb fixe.<\/p>\n<p style=\"text-align: justify;\">Institutul Monetar European (IME), \u00eenfiin\u021bat \u00een anul 1994, a demarat preg\u0103tirea cadrului de reglementare, organizatoric \u0219i logistic necesar noului sistem suprana\u021bional al b\u0103ncilor centrale, esen\u021bial pentru crearea B\u0103ncii Centrale Europene \u0219i a Sistemului European al B\u0103ncilor Centrale, pentru \u00eendeplinirea sarcinilor acestora \u0219i pentru introducerea noii monede unice.<\/p>\n<p>[\/et_pb_text][\/et_pb_column][\/et_pb_row][\/et_pb_section]<\/p>\n","protected":false},"excerpt":{"rendered":"<p>Banca Central European\u0103 &nbsp; Banca Central\u0103 European\u0103 (BCE), cu sediul la Frankfurt pe Main, este centrul uniunii economice \u0219i monetare. Sarcina acestei institu\u021bii este de a\u00a0men\u021bine stabilitatea monedei europene, euro, \u0219i de a\u00a0controla fluxul de moned\u0103 \u00een circula\u021bie. Pentru a\u00a0\u00eendeplini aceast\u0103 sarcin\u0103, independen\u021ba BCE este garantat\u0103 prin numeroase dispozi\u021bii legale. \u00cen exercitarea competen\u021belor \u0219i \u00een [&hellip;]<\/p>\n","protected":false},"author":2,"featured_media":0,"parent":0,"menu_order":0,"comment_status":"closed","ping_status":"closed","template":"","meta":{"_et_pb_use_builder":"on","_et_pb_old_content":"","_et_gb_content_width":"","footnotes":""},"class_list":["post-2058","page","type-page","status-publish","hentry"],"_links":{"self":[{"href":"https:\/\/uncjr.ro\/web\/wp-json\/wp\/v2\/pages\/2058","targetHints":{"allow":["GET"]}}],"collection":[{"href":"https:\/\/uncjr.ro\/web\/wp-json\/wp\/v2\/pages"}],"about":[{"href":"https:\/\/uncjr.ro\/web\/wp-json\/wp\/v2\/types\/page"}],"author":[{"embeddable":true,"href":"https:\/\/uncjr.ro\/web\/wp-json\/wp\/v2\/users\/2"}],"replies":[{"embeddable":true,"href":"https:\/\/uncjr.ro\/web\/wp-json\/wp\/v2\/comments?post=2058"}],"version-history":[{"count":0,"href":"https:\/\/uncjr.ro\/web\/wp-json\/wp\/v2\/pages\/2058\/revisions"}],"wp:attachment":[{"href":"https:\/\/uncjr.ro\/web\/wp-json\/wp\/v2\/media?parent=2058"}],"curies":[{"name":"wp","href":"https:\/\/api.w.org\/{rel}","templated":true}]}}