{"id":2,"date":"2021-05-14T10:58:42","date_gmt":"2021-05-14T10:58:42","guid":{"rendered":"https:\/\/uncjr.ro\/web\/?page_id=2"},"modified":"2024-02-27T21:32:34","modified_gmt":"2024-02-27T19:32:34","slug":"uncjr","status":"publish","type":"page","link":"https:\/\/uncjr.ro\/web\/","title":{"rendered":"UNCJR"},"content":{"rendered":"<p>[et_pb_section fb_built=&#8221;1&#8243; fullwidth=&#8221;on&#8221; _builder_version=&#8221;4.16&#8243; _module_preset=&#8221;default&#8221; bottom_divider_color=&#8221;#eceff1&#8243; global_colors_info=&#8221;{}&#8221;][et_pb_fullwidth_code _builder_version=&#8221;4.16&#8243; _module_preset=&#8221;default&#8221; min_height=&#8221;6px&#8221; height=&#8221;6px&#8221; max_height=&#8221;6px&#8221; custom_margin=&#8221;0px||0px||false|false&#8221; custom_padding=&#8221;0px||0px||false|false&#8221; global_colors_info=&#8221;{}&#8221;]<\/p>\n<div style=\"width:100%;line-height:0px\"><span style=\"display:inline-block;width:33%;background-color:rgb(0,89,223); height:6px;margin:0;padding:0\"><\/span><span style=\"display:inline-block;width:34%;background-color:yellow; height:6px;margin:0;padding:0\"><\/span><span style=\"display:inline-block;width:33%;background-color:red; height:6px;margin:0;padding:0\"><\/span><\/div>\n<p>[\/et_pb_fullwidth_code][et_pb_fullwidth_post_slider include_categories=&#8221;17,5&#8243; more_text=&#8221;Afl\u0103 mai mult&#8221; use_manual_excerpt=&#8221;off&#8221; excerpt_length=&#8221;350&#8243; show_meta=&#8221;off&#8221; image_placement=&#8221;right&#8221; use_bg_overlay=&#8221;off&#8221; use_text_overlay=&#8221;off&#8221; _builder_version=&#8221;4.16&#8243; _module_preset=&#8221;default&#8221; header_font_size=&#8221;28px&#8221; header_line_height=&#8221;1.2em&#8221; body_font_size=&#8221;16px&#8221; body_line_height=&#8221;1.5em&#8221; background_enable_color=&#8221;off&#8221; use_background_color_gradient=&#8221;on&#8221; background_color_gradient_stops=&#8221;#0066cc 0%|#004694 100%&#8221; background_color_gradient_start=&#8221;#0066cc&#8221; background_color_gradient_end=&#8221;#004694&#8243; custom_button=&#8221;on&#8221; button_text_size=&#8221;16px&#8221; button_border_width=&#8221;1px&#8221; button_border_color=&#8221;#cccccc&#8221; button_border_radius=&#8221;5px&#8221; button_alignment=&#8221;center&#8221; text_orientation=&#8221;justified&#8221; content_width=&#8221;90%&#8221; content_max_width=&#8221;1920px&#8221; custom_padding=&#8221;2vh||||false|false&#8221; auto=&#8221;on&#8221; auto_speed=&#8221;6000&#8243; border_radii_image=&#8221;on|7px|7px|7px|7px&#8221; box_shadow_style_image=&#8221;preset2&#8243; global_colors_info=&#8221;{}&#8221;][\/et_pb_fullwidth_post_slider][\/et_pb_section][et_pb_section fb_built=&#8221;1&#8243; _builder_version=&#8221;4.19.4&#8243; _module_preset=&#8221;default&#8221; background_color=&#8221;#f3f3f0&#8243; width=&#8221;100%&#8221; global_colors_info=&#8221;{}&#8221;][et_pb_row column_structure=&#8221;2_3,1_3&#8243; use_custom_gutter=&#8221;on&#8221; gutter_width=&#8221;2&#8243; _builder_version=&#8221;4.16&#8243; _module_preset=&#8221;default&#8221; width=&#8221;96%&#8221; max_width=&#8221;1920px&#8221; global_colors_info=&#8221;{}&#8221;][et_pb_column type=&#8221;2_3&#8243; _builder_version=&#8221;4.16&#8243; _module_preset=&#8221;default&#8221; global_colors_info=&#8221;{}&#8221;][et_pb_blog posts_number=&#8221;20&#8243; include_categories=&#8221;all&#8221; meta_date=&#8221;j M Y&#8221; use_manual_excerpt=&#8221;off&#8221; show_author=&#8221;off&#8221; show_excerpt=&#8221;off&#8221; show_pagination=&#8221;off&#8221; module_class=&#8221;four-column-blog-grid&#8221; _builder_version=&#8221;4.24.2&#8243; _module_preset=&#8221;default&#8221; header_level=&#8221;h5&#8243; header_font=&#8221;|600|||||||&#8221; header_text_align=&#8221;justify&#8221; meta_font_size=&#8221;12px&#8221; global_colors_info=&#8221;{}&#8221;][\/et_pb_blog][\/et_pb_column][et_pb_column type=&#8221;1_3&#8243; _builder_version=&#8221;4.16&#8243; _module_preset=&#8221;default&#8221; global_colors_info=&#8221;{}&#8221;][et_pb_text _builder_version=&#8221;4.24.2&#8243; _module_preset=&#8221;default&#8221; header_2_font=&#8221;|600|||||||&#8221; header_2_text_align=&#8221;center&#8221; header_2_text_color=&#8221;#FFFFFF&#8221; header_2_font_size=&#8221;2em&#8221; header_2_letter_spacing=&#8221;1px&#8221; background_color=&#8221;#4897f2&#8243; custom_padding=&#8221;1.5em||1em||false|false&#8221; global_colors_info=&#8221;{}&#8221;]<\/p>\n<h2>EVENIMENTE\u00a0 VIITOARE<\/h2>\n<p>[\/et_pb_text][et_pb_blog posts_number=&#8221;5&#8243; include_categories=&#8221;26&#8243; meta_date=&#8221;j M Y&#8221; show_thumbnail=&#8221;off&#8221; use_manual_excerpt=&#8221;off&#8221; show_author=&#8221;off&#8221; show_date=&#8221;off&#8221; show_categories=&#8221;off&#8221; show_pagination=&#8221;off&#8221; _builder_version=&#8221;4.20.4&#8243; _module_preset=&#8221;default&#8221; header_level=&#8221;h3&#8243; header_font=&#8221;||||||||&#8221; header_text_align=&#8221;justify&#8221; header_text_color=&#8221;#444444&#8243; header_line_height=&#8221;1.5em&#8221; meta_text_align=&#8221;right&#8221; global_colors_info=&#8221;{}&#8221;][\/et_pb_blog][et_pb_text _builder_version=&#8221;4.20.4&#8243; _module_preset=&#8221;default&#8221; header_2_font=&#8221;|600|||||||&#8221; header_2_text_align=&#8221;center&#8221; header_2_text_color=&#8221;#FFFFFF&#8221; header_2_font_size=&#8221;2em&#8221; header_2_letter_spacing=&#8221;1px&#8221; background_color=&#8221;#4897f2&#8243; custom_padding=&#8221;1.5em||1em||false|false&#8221; global_colors_info=&#8221;{}&#8221;]<\/p>\n<h2>EVENIMENTE\u00a0 \u00ceNCHEIATE<\/h2>\n<p>[\/et_pb_text][et_pb_blog posts_number=&#8221;7&#8243; include_categories=&#8221;28&#8243; meta_date=&#8221;j M Y&#8221; show_thumbnail=&#8221;off&#8221; use_manual_excerpt=&#8221;off&#8221; show_author=&#8221;off&#8221; show_date=&#8221;off&#8221; show_categories=&#8221;off&#8221; show_pagination=&#8221;off&#8221; _builder_version=&#8221;4.24.2&#8243; _module_preset=&#8221;default&#8221; header_level=&#8221;h3&#8243; header_font=&#8221;||||||||&#8221; header_text_align=&#8221;justify&#8221; header_text_color=&#8221;#444444&#8243; header_line_height=&#8221;1.5em&#8221; meta_text_align=&#8221;right&#8221; global_colors_info=&#8221;{}&#8221;][\/et_pb_blog][et_pb_button button_url=&#8221;@ET-DC@eyJkeW5hbWljIjp0cnVlLCJjb250ZW50IjoicG9zdF9saW5rX3VybF9wYWdlIiwic2V0dGluZ3MiOnsicG9zdF9pZCI6IjcyNSJ9fQ==@&#8221; button_text=&#8221;Mai multe evenimente UNCJR&#8221; _builder_version=&#8221;4.24.2&#8243; _dynamic_attributes=&#8221;button_url&#8221; _module_preset=&#8221;default&#8221; hover_enabled=&#8221;0&#8243; global_colors_info=&#8221;{}&#8221; sticky_enabled=&#8221;0&#8243;][\/et_pb_button][\/et_pb_column][\/et_pb_row][\/et_pb_section][et_pb_section fb_built=&#8221;1&#8243; prev_background_color=&#8221;#f3f3f0&#8243; next_background_color=&#8221;#f3f3f0&#8243; _builder_version=&#8221;4.19.4&#8243; _module_preset=&#8221;default&#8221; background_image=&#8221;https:\/\/uncjr.ro\/web\/wp-content\/uploads\/2023\/01\/camp-ucraina-bg-scaled.jpg&#8221; parallax=&#8221;on&#8221; top_divider_style=&#8221;slant2&#8243; bottom_divider_style=&#8221;slant2&#8243; global_colors_info=&#8221;{}&#8221;][et_pb_row _builder_version=&#8221;4.19.4&#8243; _module_preset=&#8221;default&#8221; background_color=&#8221;#f3f3f0&#8243; custom_margin=&#8221;8vh||8vh||true|false&#8221; custom_padding=&#8221;3em|2em|3em|2em|true|true&#8221; border_radii=&#8221;on|11px|11px|11px|11px&#8221; border_width_all=&#8221;6px&#8221; border_color_all=&#8221;#f7ce00&#8243; box_shadow_style=&#8221;preset1&#8243; box_shadow_vertical=&#8221;0px&#8221; box_shadow_blur=&#8221;0px&#8221; box_shadow_spread=&#8221;6px&#8221; box_shadow_color=&#8221;#4d8de1&#8243; global_colors_info=&#8221;{}&#8221;][et_pb_column type=&#8221;4_4&#8243; _builder_version=&#8221;4.16&#8243; _module_preset=&#8221;default&#8221; global_colors_info=&#8221;{}&#8221;][et_pb_text _builder_version=&#8221;4.16&#8243; _module_preset=&#8221;default&#8221; header_font_size=&#8221;3em&#8221; text_orientation=&#8221;center&#8221; global_colors_info=&#8221;{}&#8221;]<\/p>\n<h1>Solidaritate cu cet\u0103\u021benii Ucrainei<\/h1>\n<h3>care trec \u00een aceste zile prin momente grele<\/h3>\n<p>[\/et_pb_text][et_pb_blog posts_number=&#8221;4&#8243; include_categories=&#8221;22&#8243; meta_date=&#8221;j M Y&#8221; show_more=&#8221;on&#8221; show_author=&#8221;off&#8221; show_categories=&#8221;off&#8221; show_pagination=&#8221;off&#8221; module_class=&#8221;four-column-blog-grid&#8221; _builder_version=&#8221;4.16&#8243; _module_preset=&#8221;default&#8221; header_level=&#8221;h5&#8243; header_font=&#8221;|600|||||||&#8221; body_text_align=&#8221;justify&#8221; meta_text_color=&#8221;#999999&#8243; global_colors_info=&#8221;{}&#8221;][\/et_pb_blog][et_pb_button button_url=&#8221;@ET-DC@eyJkeW5hbWljIjp0cnVlLCJjb250ZW50IjoicG9zdF9saW5rX3VybF9wYWdlIiwic2V0dGluZ3MiOnsicG9zdF9pZCI6IjMwMDMifX0=@&#8221; button_text=&#8221;Citi\u021bi mai multe pe pagina dedicat\u0103&#8221; button_alignment=&#8221;center&#8221; _builder_version=&#8221;4.16&#8243; _dynamic_attributes=&#8221;button_url&#8221; _module_preset=&#8221;default&#8221; custom_button=&#8221;on&#8221; button_text_size=&#8221;18px&#8221; button_border_width=&#8221;1px&#8221; custom_margin=&#8221;||2vh||false|false&#8221; global_colors_info=&#8221;{}&#8221;][\/et_pb_button][\/et_pb_column][\/et_pb_row][\/et_pb_section][et_pb_section fb_built=&#8221;1&#8243; _builder_version=&#8221;4.19.4&#8243; _module_preset=&#8221;default&#8221; background_color=&#8221;#f3f3f0&#8243; global_colors_info=&#8221;{}&#8221;][et_pb_row column_structure=&#8221;1_2,1_2&#8243; use_custom_gutter=&#8221;on&#8221; gutter_width=&#8221;2&#8243; make_equal=&#8221;on&#8221; _builder_version=&#8221;4.24.2&#8243; background_size=&#8221;initial&#8221; background_position=&#8221;top_left&#8221; background_repeat=&#8221;repeat&#8221; width=&#8221;96%&#8221; max_width=&#8221;1920px&#8221; border_radii=&#8221;on|1px|1px|1px|1px&#8221; border_color_all_last_edited=&#8221;off|desktop&#8221; global_colors_info=&#8221;{}&#8221; border_color_all__hover_enabled=&#8221;off|desktop&#8221;][et_pb_column type=&#8221;1_2&#8243; _builder_version=&#8221;4.24.2&#8243; background_color=&#8221;#fcfcf9&#8243; custom_padding=&#8221;0.5em|0.5em|0.5em|0.5em|true|true&#8221; border_radii=&#8221;on|5px|5px|5px|5px&#8221; border_width_all=&#8221;1px&#8221; border_color_all=&#8221;#dbdbdb&#8221; global_colors_info=&#8221;{}&#8221; custom_padding__hover=&#8221;|||&#8221;][et_pb_text _builder_version=&#8221;4.24.2&#8243; _module_preset=&#8221;default&#8221; header_2_font=&#8221;|300|||||||&#8221; header_2_font_size=&#8221;2.5em&#8221; min_height=&#8221;43.5px&#8221; custom_margin=&#8221;15px|15px||15px|false|true&#8221; global_colors_info=&#8221;{}&#8221;]<\/p>\n<h2>Comunicate de pres\u0103<\/h2>\n<p>[\/et_pb_text][et_pb_blog posts_number=&#8221;6&#8243; include_categories=&#8221;5&#8243; meta_date=&#8221;j M Y&#8221; show_author=&#8221;off&#8221; show_categories=&#8221;off&#8221; show_excerpt=&#8221;off&#8221; show_pagination=&#8221;off&#8221; module_class=&#8221;three-column-blog-grid&#8221; _builder_version=&#8221;4.16&#8243; _module_preset=&#8221;default&#8221; header_level=&#8221;h5&#8243; header_font=&#8221;|600|||||||&#8221; header_text_align=&#8221;left&#8221; header_font_size=&#8221;14px&#8221; header_line_height=&#8221;1.3em&#8221; meta_font=&#8221;||||||||&#8221; meta_text_color=&#8221;#052f5b&#8221; meta_font_size=&#8221;11px&#8221; text_orientation=&#8221;justified&#8221; global_colors_info=&#8221;{}&#8221;][\/et_pb_blog][et_pb_button button_url=&#8221;https:\/\/uncjr.ro\/web\/comunicate-de-presa\/&#8221; button_text=&#8221;Mai multe comunicate de pres\u0103 &#8230;&#8221; button_alignment=&#8221;center&#8221; _builder_version=&#8221;4.16&#8243; _module_preset=&#8221;default&#8221; custom_button=&#8221;on&#8221; button_text_size=&#8221;18px&#8221; button_border_width=&#8221;1px&#8221; custom_margin=&#8221;||2vh||false|false&#8221; global_colors_info=&#8221;{}&#8221;][\/et_pb_button][\/et_pb_column][et_pb_column type=&#8221;1_2&#8243; _builder_version=&#8221;4.24.2&#8243; background_color=&#8221;#fcfcf9&#8243; custom_padding=&#8221;0.5em|0.5em|0.5em|0.5em|true|true&#8221; border_radii=&#8221;on|5px|5px|5px|5px&#8221; border_width_all=&#8221;1px&#8221; border_color_all=&#8221;#dbdbdb&#8221; global_colors_info=&#8221;{}&#8221; custom_padding__hover=&#8221;|||&#8221;][et_pb_text _builder_version=&#8221;4.24.2&#8243; _module_preset=&#8221;default&#8221; header_2_font=&#8221;|300|||||||&#8221; header_2_font_size=&#8221;2.5em&#8221; min_height=&#8221;43.5px&#8221; custom_margin=&#8221;15px|15px||15px|false|true&#8221; global_colors_info=&#8221;{}&#8221;]<\/p>\n<h2>Oportunit\u0103\u021bi<\/h2>\n<p>[\/et_pb_text][et_pb_blog posts_number=&#8221;6&#8243; include_categories=&#8221;3&#8243; meta_date=&#8221;j M Y&#8221; show_author=&#8221;off&#8221; show_excerpt=&#8221;off&#8221; show_pagination=&#8221;off&#8221; module_class=&#8221;three-column-blog-grid&#8221; _builder_version=&#8221;4.16&#8243; _module_preset=&#8221;default&#8221; header_level=&#8221;h5&#8243; header_font=&#8221;|600|||||||&#8221; header_text_align=&#8221;left&#8221; header_font_size=&#8221;14px&#8221; header_line_height=&#8221;1.3em&#8221; meta_font=&#8221;||||||||&#8221; meta_text_color=&#8221;#052f5b&#8221; meta_font_size=&#8221;11px&#8221; text_orientation=&#8221;justified&#8221; global_colors_info=&#8221;{}&#8221;][\/et_pb_blog][et_pb_button button_url=&#8221;https:\/\/uncjr.ro\/web\/oportunitati\/&#8221; button_text=&#8221;Mai multe oportunit\u0103\u021bi &#8230;&#8221; button_alignment=&#8221;center&#8221; _builder_version=&#8221;4.24.2&#8243; _module_preset=&#8221;default&#8221; custom_button=&#8221;on&#8221; button_text_size=&#8221;18px&#8221; button_border_width=&#8221;1px&#8221; hover_enabled=&#8221;0&#8243; global_colors_info=&#8221;{}&#8221; sticky_enabled=&#8221;0&#8243;][\/et_pb_button][\/et_pb_column][\/et_pb_row][\/et_pb_section][et_pb_section fb_built=&#8221;1&#8243; prev_background_color=&#8221;#f3f3f0&#8243; _builder_version=&#8221;4.19.4&#8243; use_background_color_gradient=&#8221;on&#8221; background_color_gradient_stops=&#8221;#e1ebf2 0%|#adc7dd 100%&#8221; background_color_gradient_start=&#8221;#edf0f2&#8243; background_color_gradient_end=&#8221;#d4d9dd&#8221; custom_padding=&#8221;12vh||5vh||false|false&#8221; top_divider_style=&#8221;arrow2&#8243; top_divider_flip=&#8221;vertical&#8221; global_colors_info=&#8221;{}&#8221;][et_pb_row _builder_version=&#8221;4.16&#8243; _module_preset=&#8221;default&#8221; global_colors_info=&#8221;{}&#8221;][et_pb_column type=&#8221;4_4&#8243; _builder_version=&#8221;4.16&#8243; _module_preset=&#8221;default&#8221; global_colors_info=&#8221;{}&#8221;][et_pb_text _builder_version=&#8221;4.24.2&#8243; _module_preset=&#8221;default&#8221; header_4_line_height=&#8221;1.67em&#8221; background_color=&#8221;#f3f3f0&#8243; text_orientation=&#8221;justified&#8221; custom_margin=&#8221;||||false|false&#8221; custom_padding=&#8221;5vh|3vw|5vh|3vw|true|true&#8221; animation_style=&#8221;slide&#8221; border_radii=&#8221;on|5px|5px|5px|5px&#8221; box_shadow_style=&#8221;preset3&#8243; box_shadow_color=&#8221;#4169e1&#8243; global_colors_info=&#8221;{}&#8221;]<\/p>\n<h4>\u2003<strong>Uniunea Na\u0163ional\u0103 a Consiliilor Jude\u0163ene din Rom\u00e2nia (UNCJR)<\/strong>, \u00eenfiin\u021bat\u0103 \u00een 1993, este o organiza\u0163ie neguvernamental\u0103, de utilitate public\u0103, ce reune\u015fte pe baza liberului consim\u0163\u0103m\u00e2nt, cele 41 de jude\u021be ale Rom\u00e2niei.<\/h4>\n<p>&nbsp;<\/p>\n<h4>\u2003UNCJR este constituit\u0103 conform Ordonan\u0163ei Guvernului nr. 26\/2000 cu privire la asocia\u0163ii \u015fi funda\u0163ii cu scopul de a promova dezvoltarea economico-social\u0103 durabil\u0103 \u015fi sustenabil\u0103 a unit\u0103\u0163ilor administrativ teritoriale, cre\u015fterea autonomiei locale conform principiilor Cartei Europene a Autonomiei Locale, accelerarea procesului de descentralizare \u015fi dezvoltarea dialogului social \u015fi a parteneriatului cu autorit\u0103\u0163ile administra\u0163iei publice centrale \u015fi cu celelalte structuri asociative ale organelor administra\u0163iei publice locale existente \u00een Rom\u00e2nia.<\/h4>\n<p>&nbsp;<\/p>\n<h4>\u2003Uniunea Na\u0163ional\u0103 a Consiliilor Jude\u0163ene din Rom\u00e2nia este membr\u0103 a Comitetului European al Regiunilor, a Congresului Autorit\u0103\u021bilor Locale \u015fi Regionale al Consiliului Europei \u0219i a Confedera\u021biei Europene a Puterilor Locale Intermediare.<\/h4>\n<p>[\/et_pb_text][\/et_pb_column][\/et_pb_row][\/et_pb_section]<\/p>\n","protected":false},"excerpt":{"rendered":"<p>EVENIMENTE\u00a0 VIITOAREEVENIMENTE\u00a0 \u00ceNCHEIATESolidaritate cu cet\u0103\u021benii Ucrainei care trec \u00een aceste zile prin momente greleComunicate de pres\u0103Oportunit\u0103\u021bi\u2003Uniunea Na\u0163ional\u0103 a Consiliilor Jude\u0163ene din Rom\u00e2nia (UNCJR), \u00eenfiin\u021bat\u0103 \u00een 1993, este o organiza\u0163ie neguvernamental\u0103, de utilitate public\u0103, ce reune\u015fte pe baza liberului consim\u0163\u0103m\u00e2nt, cele 41 de jude\u021be ale Rom\u00e2niei. &nbsp; \u2003UNCJR este constituit\u0103 conform Ordonan\u0163ei Guvernului nr. 26\/2000 cu [&hellip;]<\/p>\n","protected":false},"author":1,"featured_media":0,"parent":0,"menu_order":0,"comment_status":"closed","ping_status":"closed","template":"","meta":{"_et_pb_use_builder":"on","_et_pb_old_content":"<!-- wp:paragraph -->\n<p>This is an example page. It's different from a blog post because it will stay in one place and will show up in your site navigation (in most themes). Most people start with an About page that introduces them to potential site visitors. It might say something like this:<\/p>\n<!-- \/wp:paragraph -->\n\n<!-- wp:quote -->\n<blockquote class=\"wp-block-quote\"><p>Hi there! I'm a bike messenger by day, aspiring actor by night, and this is my website. I live in Los Angeles, have a great dog named Jack, and I like pi\u00f1a coladas. (And gettin' caught in the rain.)<\/p><\/blockquote>\n<!-- \/wp:quote -->\n\n<!-- wp:paragraph -->\n<p>...or something like this:<\/p>\n<!-- \/wp:paragraph -->\n\n<!-- wp:quote -->\n<blockquote class=\"wp-block-quote\"><p>The XYZ Doohickey Company was founded in 1971, and has been providing quality doohickeys to the public ever since. Located in Gotham City, XYZ employs over 2,000 people and does all kinds of awesome things for the Gotham community.<\/p><\/blockquote>\n<!-- \/wp:quote -->\n\n<!-- wp:paragraph -->\n<p>As a new WordPress user, you should go to <a href=\"https:\/\/uncjr.ro\/web\/wp-admin\/\">your dashboard<\/a> to delete this page and create new pages for your content. Have fun!<\/p>\n<!-- \/wp:paragraph -->","_et_gb_content_width":"","footnotes":""},"class_list":["post-2","page","type-page","status-publish","hentry"],"_links":{"self":[{"href":"https:\/\/uncjr.ro\/web\/wp-json\/wp\/v2\/pages\/2","targetHints":{"allow":["GET"]}}],"collection":[{"href":"https:\/\/uncjr.ro\/web\/wp-json\/wp\/v2\/pages"}],"about":[{"href":"https:\/\/uncjr.ro\/web\/wp-json\/wp\/v2\/types\/page"}],"author":[{"embeddable":true,"href":"https:\/\/uncjr.ro\/web\/wp-json\/wp\/v2\/users\/1"}],"replies":[{"embeddable":true,"href":"https:\/\/uncjr.ro\/web\/wp-json\/wp\/v2\/comments?post=2"}],"version-history":[{"count":8,"href":"https:\/\/uncjr.ro\/web\/wp-json\/wp\/v2\/pages\/2\/revisions"}],"predecessor-version":[{"id":5319,"href":"https:\/\/uncjr.ro\/web\/wp-json\/wp\/v2\/pages\/2\/revisions\/5319"}],"wp:attachment":[{"href":"https:\/\/uncjr.ro\/web\/wp-json\/wp\/v2\/media?parent=2"}],"curies":[{"name":"wp","href":"https:\/\/api.w.org\/{rel}","templated":true}]}}